{"id":3753,"date":"2021-12-06T11:43:36","date_gmt":"2021-12-06T10:43:36","guid":{"rendered":"https:\/\/pountet.fr\/index.php\/produit\/armagnac\/"},"modified":"2021-12-06T11:43:36","modified_gmt":"2021-12-06T10:43:36","slug":"armagnac","status":"publish","type":"product","link":"https:\/\/pountet.fr\/en\/index.php\/produit\/armagnac\/","title":{"rendered":"Armagnac"},"content":{"rendered":"<p><strong>Armagnac T\u00e9nar\u00e8ze VSOP  <\/strong><\/p>\n<p>Ch\u00e2teau Beauvallon is located on the border of the Gers, one step and we are in the Lot et Garonne, in Saint P\u00e9 Saint Simon, famous for its fortified church of the XIIth century, jewel of the medieval art. We are in the T\u00e9nar\u00e8ze region, a clay and limestone soil that gives our Armagnac all the power and texture worthy of great wines.<br \/>\nThe elaboration of our Armagnac is made in the pure Gascon tradition so dear to our ancestors. The distillation is carried out in an Armagnac still, heated with wood, as the Gascon &#8220;bouilleurs&#8221; have always done. The translucent eau de vie is then aged in oak barrels. It will then wait patiently, adorning itself over the years with a beautiful amber hue and exalting its vanilla, nut and apricot aromas.<\/p>\n<p><strong>Capacity : 70 cl.<\/strong><\/p>\n<p><strong>42% alc.\/vol.<\/strong><\/p>\n","protected":false},"excerpt":{"rendered":"<p><strong>Armagnac T\u00e9nar\u00e8ze VSOP<br \/>\n<\/strong><\/p>\n<p>The elaboration of our Armagnac is made in the pure Gascon tradition so dear to our ancestors.<\/p>\n<p><strong>Capacity : 70 cl.<\/strong><\/p>\n<p><strong>42% alc.\/vol.<\/strong><\/p>\n<p>&nbsp;<\/p>\n","protected":false},"featured_media":3691,"template":"","meta":[],"product_cat":[37],"product_tag":[],"_links":{"self":[{"href":"https:\/\/pountet.fr\/en\/index.php\/wp-json\/wp\/v2\/product\/3753"}],"collection":[{"href":"https:\/\/pountet.fr\/en\/index.php\/wp-json\/wp\/v2\/product"}],"about":[{"href":"https:\/\/pountet.fr\/en\/index.php\/wp-json\/wp\/v2\/types\/product"}],"wp:featuredmedia":[{"embeddable":true,"href":"https:\/\/pountet.fr\/en\/index.php\/wp-json\/wp\/v2\/media\/3691"}],"wp:attachment":[{"href":"https:\/\/pountet.fr\/en\/index.php\/wp-json\/wp\/v2\/media?parent=3753"}],"wp:term":[{"taxonomy":"product_cat","embeddable":true,"href":"https:\/\/pountet.fr\/en\/index.php\/wp-json\/wp\/v2\/product_cat?post=3753"},{"taxonomy":"product_tag","embeddable":true,"href":"https:\/\/pountet.fr\/en\/index.php\/wp-json\/wp\/v2\/product_tag?post=3753"}],"curies":[{"name":"wp","href":"https:\/\/api.w.org\/{rel}","templated":true}]}}