{"id":3421,"date":"2021-12-04T16:21:34","date_gmt":"2021-12-04T15:21:34","guid":{"rendered":"https:\/\/pountet.fr\/?page_id=3421"},"modified":"2022-07-27T21:12:40","modified_gmt":"2022-07-27T19:12:40","slug":"a-la-vigne","status":"publish","type":"page","link":"https:\/\/pountet.fr\/index.php\/a-la-vigne\/","title":{"rendered":"A la vigne"},"content":{"rendered":"[vc_row][vc_column]\r\n\t\t<div class=\"et-banner-69e002505437b et-banner content-full  height_70 image-type-css text-color-light hover-effect  h1 { background-color: rgba(180, 180, 180, .5); color: white; }\"><div class=\"et-banner-image vh-height\" role=\"img\" aria-label=\"DSC02901\" data-image=\"https:\/\/pountet.fr\/wp-content\/uploads\/2021\/12\/DSC02901.jpg\" style=\"background-image: url(https:\/\/pountet.fr\/wp-content\/uploads\/2021\/12\/DSC02901.jpg);\"><\/div>\r\n\t\t\t<div class=\"et-banner-content\">\r\n\t\t\t\t<div class=\"et-banner-content-inner container\">\r\n\t\t\t\t\t<div class=\"et-banner-text h_center v_center align_left\">\r\n\t\t\t\t\t\t<div class=\"et-banner-text-inner animated\" data-animate=\"et-fadeInLeft\"><h2 class=\"et-banner-title color-custom xlarge\">La nature dans le c\u0153ur : \u00c0 la Vigne<\/h2><\/div>\r\n\t\t\t\t\t<\/div>\r\n\t\t\t\t<\/div>\r\n\t\t\t<\/div>\r\n\t\t<\/div>[\/vc_column][\/vc_row][vc_row et_column_align=&#8221;align-center&#8221; css=&#8221;.vc_custom_1579121915525{padding-top: 40px !important;padding-bottom: 40px !important;}&#8221;][vc_column animation=&#8221;animation bottom-to-top&#8221; offset=&#8221;vc_col-lg-8&#8243;][vc_row_inner et_column_align=&#8221;align-center&#8221;][vc_column_inner][vc_column_text]\n<h2>A la vigne<\/h2>\n[\/vc_column_text][vc_column_text]Au Domaine du Pountet, c&#8217;est la nature qui nous inspire et nous la respectons dans toutes nos d\u00e9cisions et notre travail.[\/vc_column_text][\/vc_column_inner][\/vc_row_inner][vc_row_inner][vc_column_inner width=&#8221;1\/2&#8243;]\t<div id=\"et-image-104\" class=\"et-image     et_image_link\">\n\t\t<div class=\"et-image-inner \">\n\t\t\t\t\t\t\t<div class=\"et-image-thumb \">\n\t\t\t\t\t<img width=\"1333\" height=\"2000\" src=\"https:\/\/pountet.fr\/wp-content\/uploads\/2022\/07\/080A0881.jpg\" class=\"attachment-full\" alt=\"\" loading=\"lazy\" srcset=\"https:\/\/pountet.fr\/wp-content\/uploads\/2022\/07\/080A0881.jpg 1333w, https:\/\/pountet.fr\/wp-content\/uploads\/2022\/07\/080A0881-200x300.jpg 200w, https:\/\/pountet.fr\/wp-content\/uploads\/2022\/07\/080A0881-682x1024.jpg 682w, https:\/\/pountet.fr\/wp-content\/uploads\/2022\/07\/080A0881-768x1152.jpg 768w, https:\/\/pountet.fr\/wp-content\/uploads\/2022\/07\/080A0881-1024x1536.jpg 1024w, https:\/\/pountet.fr\/wp-content\/uploads\/2022\/07\/080A0881-100x150.jpg 100w, https:\/\/pountet.fr\/wp-content\/uploads\/2022\/07\/080A0881-900x1350.jpg 900w\" sizes=\"(max-width: 1333px) 100vw, 1333px\" \/>\t\t\t\t<\/div>\n\t\t\t\t\t\t\t\t\t\t\t<\/div>\n\t<\/div>\n  [\/vc_column_inner][vc_column_inner width=&#8221;1\/2&#8243;][vc_empty_space height=&#8221;62px&#8221;][vc_column_text]Nous conduisons notre vignoble dans un seul objectif :<\/p>\n<p>cr\u00e9er des vins uniques en minimisant au mieux notre impact sur notre environnement.<\/p>\n<p>Ainsi, nous utilisons du cuivre et du souffre pour nos traitements contre les maladies, mais aussi de l&#8217;huile essentielle d&#8217;orange pour les nuisibles.<\/p>\n<p>Les interventions sont r\u00e9alis\u00e9es uniquement lorsque le risque de d\u00e9veloppement de maladies est important, nous limitons ainsi les impacts sur l&#8217;environnement.<\/p>\n<p>Les apports d&#8217;engrais sont uniquement organiques.[\/vc_column_text][\/vc_column_inner][\/vc_row_inner][vc_empty_space height=&#8221;62px&#8221;]\t<div id=\"et-image-385\" class=\"et-image     et_image_link\">\n\t\t<div class=\"et-image-inner \">\n\t\t\t\t\t\t\t<div class=\"et-image-thumb \">\n\t\t\t\t\t<img width=\"2000\" height=\"1124\" src=\"https:\/\/pountet.fr\/wp-content\/uploads\/2022\/07\/DJI_0753.jpg\" class=\"attachment-full\" alt=\"\" loading=\"lazy\" srcset=\"https:\/\/pountet.fr\/wp-content\/uploads\/2022\/07\/DJI_0753.jpg 2000w, https:\/\/pountet.fr\/wp-content\/uploads\/2022\/07\/DJI_0753-300x169.jpg 300w, https:\/\/pountet.fr\/wp-content\/uploads\/2022\/07\/DJI_0753-1024x575.jpg 1024w, https:\/\/pountet.fr\/wp-content\/uploads\/2022\/07\/DJI_0753-768x432.jpg 768w, https:\/\/pountet.fr\/wp-content\/uploads\/2022\/07\/DJI_0753-1536x863.jpg 1536w, https:\/\/pountet.fr\/wp-content\/uploads\/2022\/07\/DJI_0753-150x84.jpg 150w, https:\/\/pountet.fr\/wp-content\/uploads\/2022\/07\/DJI_0753-900x506.jpg 900w\" sizes=\"(max-width: 2000px) 100vw, 2000px\" \/>\t\t\t\t<\/div>\n\t\t\t\t\t\t\t\t\t\t\t<\/div>\n\t<\/div>\n  [vc_empty_space height=&#8221;62px&#8221;][vc_column_text]\n<p>Nous privil\u00e9gions les petites parcelles plut\u00f4t que des grandes \u00e9tendues de vignes, en plantant des haies qui servent non seulement de limite entre nos vignes, mais aussi et surtout, d&#8217;abris \u00e0 la faune et \u00e0 la flore locale.[\/vc_column_text][\/vc_column][\/vc_row][vc_row][vc_column width=&#8221;1\/2&#8243;]\t<div id=\"et-image-60\" class=\"et-image     et_image_link\">\n\t\t<div class=\"et-image-inner \">\n\t\t\t\t\t\t\t<div class=\"et-image-thumb \">\n\t\t\t\t\t<img width=\"1000\" height=\"1311\" src=\"https:\/\/pountet.fr\/wp-content\/uploads\/2021\/12\/pountet_vigne_2.jpg\" class=\"attachment-full\" alt=\"\" loading=\"lazy\" srcset=\"https:\/\/pountet.fr\/wp-content\/uploads\/2021\/12\/pountet_vigne_2.jpg 1000w, https:\/\/pountet.fr\/wp-content\/uploads\/2021\/12\/pountet_vigne_2-229x300.jpg 229w, https:\/\/pountet.fr\/wp-content\/uploads\/2021\/12\/pountet_vigne_2-781x1024.jpg 781w, https:\/\/pountet.fr\/wp-content\/uploads\/2021\/12\/pountet_vigne_2-768x1007.jpg 768w, https:\/\/pountet.fr\/wp-content\/uploads\/2021\/12\/pountet_vigne_2-114x150.jpg 114w, https:\/\/pountet.fr\/wp-content\/uploads\/2021\/12\/pountet_vigne_2-900x1180.jpg 900w\" sizes=\"(max-width: 1000px) 100vw, 1000px\" \/>\t\t\t\t<\/div>\n\t\t\t\t\t\t\t\t\t\t\t<\/div>\n\t<\/div>\n  [\/vc_column][vc_column width=&#8221;1\/2&#8243; css=&#8221;.vc_custom_1638634960991{margin-top: 50px !important;margin-right: 70px !important;margin-left: 30px !important;padding-right: 50px !important;padding-left: 50px !important;}&#8221;][vc_column_text]Nous avons choisi la certification HVE (Haute Valeur Environnementale, niveau III le plus \u00e9lev\u00e9) car elle r\u00e9pond \u00e0 la vision holistique que nous avons de notre vignoble.<\/p>\n<p>&nbsp;<\/p>\n<p>En effet, la pr\u00e9servation de la biodiversit\u00e9 par la cr\u00e9ation de haies, de bandes enherb\u00e9es, l&#8217;activation de la vie organique et microbienne du sol par les labours, les amendements naturels mais aussi la pose de nichoirs \u00e0 m\u00e9sanges et \u00e0 chauve souris (elles sont les garantes du biocontr\u00f4le et nous aident \u00e0 lutter contre l&#8217;Eudemis, un papillon ravageur de la vigne) ainsi que la pr\u00e9servation des abeilles par l&#8217;installation de ruches sur notre vignoble nous permettent de recr\u00e9er une ad\u00e9quation perdue au fil des ans.<\/p>\n<p>&nbsp;<\/p>\n<p>Cette conduite dans le vignoble pr\u00e9serve ainsi l&#8217;\u00e9cosyst\u00e8me de la vigne, ce qui permet un retour de la biomasse sur les parcelles et la r\u00e9silience de la vigne.[\/vc_column_text][\/vc_column][\/vc_row][vc_row][vc_column][vc_empty_space height=&#8221;62px&#8221;]\t<div id=\"et-image-488\" class=\"et-image     et_image_link\">\n\t\t<div class=\"et-image-inner \">\n\t\t\t\t\t\t\t<div class=\"et-image-thumb \">\n\t\t\t\t\t<img width=\"2100\" height=\"1400\" src=\"https:\/\/pountet.fr\/wp-content\/uploads\/2021\/12\/DSC03521.jpg\" class=\"attachment-full\" alt=\"\" loading=\"lazy\" srcset=\"https:\/\/pountet.fr\/wp-content\/uploads\/2021\/12\/DSC03521.jpg 2100w, https:\/\/pountet.fr\/wp-content\/uploads\/2021\/12\/DSC03521-300x200.jpg 300w, https:\/\/pountet.fr\/wp-content\/uploads\/2021\/12\/DSC03521-1024x683.jpg 1024w, https:\/\/pountet.fr\/wp-content\/uploads\/2021\/12\/DSC03521-768x512.jpg 768w, https:\/\/pountet.fr\/wp-content\/uploads\/2021\/12\/DSC03521-1536x1024.jpg 1536w, https:\/\/pountet.fr\/wp-content\/uploads\/2021\/12\/DSC03521-2048x1365.jpg 2048w, https:\/\/pountet.fr\/wp-content\/uploads\/2021\/12\/DSC03521-150x100.jpg 150w, https:\/\/pountet.fr\/wp-content\/uploads\/2021\/12\/DSC03521-900x600.jpg 900w\" sizes=\"(max-width: 2100px) 100vw, 2100px\" \/>\t\t\t\t<\/div>\n\t\t\t\t\t\t\t\t\t\t\t<\/div>\n\t<\/div>\n  [\/vc_column][\/vc_row]\n","protected":false},"excerpt":{"rendered":"<p>[vc_row][vc_column][\/vc_column][\/vc_row][vc_row et_column_align=&#8221;align-center&#8221; css=&#8221;.vc_custom_1579121915525{padding-top: 40px !important;padding-bottom: 40px !important;}&#8221;][vc_column animation=&#8221;animation bottom-to-top&#8221; offset=&#8221;vc_col-lg-8&#8243;][vc_row_inner et_column_align=&#8221;align-center&#8221;][vc_column_inner][vc_column_text] A la vigne [\/vc_column_text][vc_column_text]Au Domaine du Pountet, c&#8217;est la nature qui nous inspire et nous la respectons dans toutes nos d\u00e9cisions et notre travail.[\/vc_column_text][\/vc_column_inner][\/vc_row_inner][vc_row_inner][vc_column_inner width=&#8221;1\/2&#8243;][\/vc_column_inner][vc_column_inner width=&#8221;1\/2&#8243;][vc_empty_space height=&#8221;62px&#8221;][vc_column_text]Nous conduisons notre vignoble dans un seul objectif : cr\u00e9er des vins uniques&hellip;<\/p>\n","protected":false},"author":1,"featured_media":0,"parent":0,"menu_order":0,"comment_status":"closed","ping_status":"closed","template":"","meta":[],"_links":{"self":[{"href":"https:\/\/pountet.fr\/index.php\/wp-json\/wp\/v2\/pages\/3421"}],"collection":[{"href":"https:\/\/pountet.fr\/index.php\/wp-json\/wp\/v2\/pages"}],"about":[{"href":"https:\/\/pountet.fr\/index.php\/wp-json\/wp\/v2\/types\/page"}],"author":[{"embeddable":true,"href":"https:\/\/pountet.fr\/index.php\/wp-json\/wp\/v2\/users\/1"}],"replies":[{"embeddable":true,"href":"https:\/\/pountet.fr\/index.php\/wp-json\/wp\/v2\/comments?post=3421"}],"version-history":[{"count":22,"href":"https:\/\/pountet.fr\/index.php\/wp-json\/wp\/v2\/pages\/3421\/revisions"}],"predecessor-version":[{"id":3790,"href":"https:\/\/pountet.fr\/index.php\/wp-json\/wp\/v2\/pages\/3421\/revisions\/3790"}],"wp:attachment":[{"href":"https:\/\/pountet.fr\/index.php\/wp-json\/wp\/v2\/media?parent=3421"}],"curies":[{"name":"wp","href":"https:\/\/api.w.org\/{rel}","templated":true}]}}