{"id":3439,"date":"2021-12-04T17:48:50","date_gmt":"2021-12-04T16:48:50","guid":{"rendered":"https:\/\/pountet.fr\/?page_id=3439"},"modified":"2022-07-27T22:04:43","modified_gmt":"2022-07-27T20:04:43","slug":"au-chai","status":"publish","type":"page","link":"https:\/\/pountet.fr\/index.php\/au-chai\/","title":{"rendered":"Au chai"},"content":{"rendered":"[vc_row et_full_width=&#8221;true&#8221; et_row_padding=&#8221;true&#8221; et_column_align=&#8221;align-center&#8221; parallax=&#8221;content-moving&#8221;][vc_column et_column_color=&#8221;et-light-column&#8221;]\r\n\t\t<div class=\"et-banner-69d9752f719d1 et-banner content-full  height_70 image-type-css text-color-light hover-effect hover-zoom \"><div class=\"et-banner-image vh-height\" role=\"img\" aria-label=\"DSC03111\" data-image=\"https:\/\/pountet.fr\/wp-content\/uploads\/2021\/12\/DSC03111.jpg\" style=\"background-image: url(https:\/\/pountet.fr\/wp-content\/uploads\/2021\/12\/DSC03111.jpg);\"><\/div>\r\n\t\t\t<div class=\"et-banner-content\">\r\n\t\t\t\t<div class=\"et-banner-content-inner container\">\r\n\t\t\t\t\t<div class=\"et-banner-text h_center v_center align_center\">\r\n\t\t\t\t\t\t<div class=\"et-banner-text-inner animated\" data-animate=\"et-fadeInUp\"><h2 class=\"et-banner-title color-custom xlarge\">La nature dans le c\u0153ur : Au Chai<\/h2><h3 class=\"et-banner-subtitle  color- text_style\">La nature est changeante, la richesse de la vigne est la diversit\u00e9 de chaque mill\u00e9sime.<\/h3><\/div>\r\n\t\t\t\t\t<\/div>\r\n\t\t\t\t<\/div>\r\n\t\t\t<\/div>\r\n\t\t<\/div>[\/vc_column][\/vc_row][vc_row et_column_align=&#8221;align-center&#8221; css=&#8221;.vc_custom_1579121915525{padding-top: 60px !important;padding-bottom: 35px !important;}&#8221;][vc_column animation=&#8221;animation bottom-to-top&#8221; offset=&#8221;vc_col-lg-8&#8243;][vc_row_inner et_column_align=&#8221;align-center&#8221;][vc_column_inner][vc_column_text]\n<h2>Le chai<\/h2>\n[\/vc_column_text][vc_column_text]Le chai aux allures de b\u00e2tisse romaine cache une modernit\u00e9 essentielle au respect de la nature : nous y favorisons les \u00e9nergies renouvelables avec un projet de panneaux photovoltaiques. La b\u00e2tisse est \u00e9co-con\u00e7ue et basse consommation, isol\u00e9e avec des mat\u00e9riaux naturels pour lutter efficacement contre les d\u00e9perditions de chaleur.[\/vc_column_text][\/vc_column_inner][\/vc_row_inner][\/vc_column][\/vc_row][vc_row][vc_column css=&#8221;.vc_custom_1638638600690{padding-right: 100px !important;padding-left: 100px !important;}&#8221;][vc_row_inner][vc_column_inner animation=&#8221;animation bottom-to-top&#8221;]\t<div id=\"et-image-858\" class=\"et-image aligncenter    et_image_link\">\n\t\t<div class=\"et-image-inner animation bottom-to-top\">\n\t\t\t\t\t\t\t<div class=\"et-image-thumb \">\n\t\t\t\t\t<img width=\"1500\" height=\"697\" src=\"https:\/\/pountet.fr\/wp-content\/uploads\/2021\/12\/chai_pountet.jpg\" class=\"attachment-full\" alt=\"\" loading=\"lazy\" srcset=\"https:\/\/pountet.fr\/wp-content\/uploads\/2021\/12\/chai_pountet.jpg 1500w, https:\/\/pountet.fr\/wp-content\/uploads\/2021\/12\/chai_pountet-300x139.jpg 300w, https:\/\/pountet.fr\/wp-content\/uploads\/2021\/12\/chai_pountet-1024x476.jpg 1024w, https:\/\/pountet.fr\/wp-content\/uploads\/2021\/12\/chai_pountet-768x357.jpg 768w, https:\/\/pountet.fr\/wp-content\/uploads\/2021\/12\/chai_pountet-150x70.jpg 150w, https:\/\/pountet.fr\/wp-content\/uploads\/2021\/12\/chai_pountet-900x418.jpg 900w\" sizes=\"(max-width: 1500px) 100vw, 1500px\" \/>\t\t\t\t<\/div>\n\t\t\t\t\t\t\t\t\t\t\t<\/div>\n\t<\/div>\n  [vc_empty_space][vc_column_text]Nous n&#8217;utilisons pas de thermo-r\u00e9gulation pour nos cuves, les al\u00e9as des changements de temp\u00e9rature au coeur du chai sont intrins\u00e8quement li\u00e9s \u00e0 la vie ext\u00e9rieure, nos vins sont ainsi \u00e9labor\u00e9s au rythme de la nature.[\/vc_column_text][\/vc_column_inner][\/vc_row_inner][\/vc_column][\/vc_row][vc_row][vc_column][vc_empty_space height=&#8221;52px&#8221;]\t<div id=\"et-image-86\" class=\"et-image     et_image_link\">\n\t\t<div class=\"et-image-inner \">\n\t\t\t\t\t\t\t<div class=\"et-image-thumb \">\n\t\t\t\t\t<img width=\"2000\" height=\"1333\" src=\"https:\/\/pountet.fr\/wp-content\/uploads\/2022\/07\/080A0636.jpg\" class=\"attachment-full\" alt=\"\" loading=\"lazy\" srcset=\"https:\/\/pountet.fr\/wp-content\/uploads\/2022\/07\/080A0636.jpg 2000w, https:\/\/pountet.fr\/wp-content\/uploads\/2022\/07\/080A0636-300x200.jpg 300w, https:\/\/pountet.fr\/wp-content\/uploads\/2022\/07\/080A0636-1024x682.jpg 1024w, https:\/\/pountet.fr\/wp-content\/uploads\/2022\/07\/080A0636-768x512.jpg 768w, https:\/\/pountet.fr\/wp-content\/uploads\/2022\/07\/080A0636-1536x1024.jpg 1536w, https:\/\/pountet.fr\/wp-content\/uploads\/2022\/07\/080A0636-150x100.jpg 150w, https:\/\/pountet.fr\/wp-content\/uploads\/2022\/07\/080A0636-900x600.jpg 900w\" sizes=\"(max-width: 2000px) 100vw, 2000px\" \/>\t\t\t\t<\/div>\n\t\t\t\t\t\t\t\t\t\t\t<\/div>\n\t<\/div>\n  [vc_empty_space height=&#8221;52px&#8221;][\/vc_column][\/vc_row][vc_row][vc_column width=&#8221;2\/3&#8243; css=&#8221;.vc_custom_1638638600690{padding-right: 100px !important;padding-left: 100px !important;}&#8221;][vc_row_inner][vc_column_inner animation=&#8221;animation bottom-to-top&#8221;][vc_empty_space][vc_column_text]Nos futs de ch\u00eane proviennent de tonnelleries du sud ouest.<\/p>\n<p>Tous nos emballages sont recyclables et le carton et le papier de l&#8217;\u00e9tiquette sont certifi\u00e9s FSC, nous favorisons l&#8217;\u00e9co-conception.[\/vc_column_text][\/vc_column_inner][\/vc_row_inner][vc_empty_space]\t<div id=\"et-image-75\" class=\"et-image aligncenter    et_image_link\">\n\t\t<div class=\"et-image-inner animation bottom-to-top\">\n\t\t\t\t\t\t\t<div class=\"et-image-thumb \">\n\t\t\t\t\t<img width=\"1278\" height=\"807\" src=\"https:\/\/pountet.fr\/wp-content\/uploads\/2021\/12\/barriques_2.jpg\" class=\"attachment-full\" alt=\"\" loading=\"lazy\" srcset=\"https:\/\/pountet.fr\/wp-content\/uploads\/2021\/12\/barriques_2.jpg 1278w, https:\/\/pountet.fr\/wp-content\/uploads\/2021\/12\/barriques_2-300x189.jpg 300w, https:\/\/pountet.fr\/wp-content\/uploads\/2021\/12\/barriques_2-1024x647.jpg 1024w, https:\/\/pountet.fr\/wp-content\/uploads\/2021\/12\/barriques_2-768x485.jpg 768w, https:\/\/pountet.fr\/wp-content\/uploads\/2021\/12\/barriques_2-150x95.jpg 150w, https:\/\/pountet.fr\/wp-content\/uploads\/2021\/12\/barriques_2-900x568.jpg 900w\" sizes=\"(max-width: 1278px) 100vw, 1278px\" \/>\t\t\t\t<\/div>\n\t\t\t\t\t\t\t\t\t\t\t<\/div>\n\t<\/div>\n  [\/vc_column][vc_column width=&#8221;1\/3&#8243;]\t<div id=\"et-image-647\" class=\"et-image aligncenter    et_image_link\">\n\t\t<div class=\"et-image-inner animation bottom-to-top\">\n\t\t\t\t\t\t\t<div class=\"et-image-thumb \">\n\t\t\t\t\t<img width=\"1333\" height=\"2000\" src=\"https:\/\/pountet.fr\/wp-content\/uploads\/2022\/07\/080A0913.jpg\" class=\"attachment-full\" alt=\"\" loading=\"lazy\" srcset=\"https:\/\/pountet.fr\/wp-content\/uploads\/2022\/07\/080A0913.jpg 1333w, https:\/\/pountet.fr\/wp-content\/uploads\/2022\/07\/080A0913-200x300.jpg 200w, https:\/\/pountet.fr\/wp-content\/uploads\/2022\/07\/080A0913-682x1024.jpg 682w, https:\/\/pountet.fr\/wp-content\/uploads\/2022\/07\/080A0913-768x1152.jpg 768w, https:\/\/pountet.fr\/wp-content\/uploads\/2022\/07\/080A0913-1024x1536.jpg 1024w, https:\/\/pountet.fr\/wp-content\/uploads\/2022\/07\/080A0913-100x150.jpg 100w, https:\/\/pountet.fr\/wp-content\/uploads\/2022\/07\/080A0913-900x1350.jpg 900w\" sizes=\"(max-width: 1333px) 100vw, 1333px\" \/>\t\t\t\t<\/div>\n\t\t\t\t\t\t\t\t\t\t\t<\/div>\n\t<\/div>\n  [\/vc_column][\/vc_row][vc_row][vc_column][vc_empty_space height=&#8221;52px&#8221;]\t<div id=\"et-image-462\" class=\"et-image     et_image_link\">\n\t\t<div class=\"et-image-inner \">\n\t\t\t\t\t\t\t<div class=\"et-image-thumb \">\n\t\t\t\t\t<img width=\"1200\" height=\"668\" src=\"https:\/\/pountet.fr\/wp-content\/uploads\/2021\/12\/vigne_chai.jpg\" class=\"attachment-full\" alt=\"\" loading=\"lazy\" srcset=\"https:\/\/pountet.fr\/wp-content\/uploads\/2021\/12\/vigne_chai.jpg 1200w, https:\/\/pountet.fr\/wp-content\/uploads\/2021\/12\/vigne_chai-300x167.jpg 300w, https:\/\/pountet.fr\/wp-content\/uploads\/2021\/12\/vigne_chai-1024x570.jpg 1024w, https:\/\/pountet.fr\/wp-content\/uploads\/2021\/12\/vigne_chai-768x428.jpg 768w, https:\/\/pountet.fr\/wp-content\/uploads\/2021\/12\/vigne_chai-150x84.jpg 150w, https:\/\/pountet.fr\/wp-content\/uploads\/2021\/12\/vigne_chai-900x501.jpg 900w\" sizes=\"(max-width: 1200px) 100vw, 1200px\" \/>\t\t\t\t<\/div>\n\t\t\t\t\t\t\t\t\t\t\t<\/div>\n\t<\/div>\n  [\/vc_column][\/vc_row]\n","protected":false},"excerpt":{"rendered":"<p>[vc_row et_full_width=&#8221;true&#8221; et_row_padding=&#8221;true&#8221; et_column_align=&#8221;align-center&#8221; parallax=&#8221;content-moving&#8221;][vc_column et_column_color=&#8221;et-light-column&#8221;][\/vc_column][\/vc_row][vc_row et_column_align=&#8221;align-center&#8221; css=&#8221;.vc_custom_1579121915525{padding-top: 60px !important;padding-bottom: 35px !important;}&#8221;][vc_column animation=&#8221;animation bottom-to-top&#8221; offset=&#8221;vc_col-lg-8&#8243;][vc_row_inner et_column_align=&#8221;align-center&#8221;][vc_column_inner][vc_column_text] Le chai [\/vc_column_text][vc_column_text]Le chai aux allures de b\u00e2tisse romaine cache une modernit\u00e9 essentielle au respect de la nature : nous y favorisons les \u00e9nergies renouvelables avec un projet de panneaux photovoltaiques. La b\u00e2tisse est&hellip;<\/p>\n","protected":false},"author":1,"featured_media":0,"parent":0,"menu_order":0,"comment_status":"closed","ping_status":"closed","template":"","meta":[],"_links":{"self":[{"href":"https:\/\/pountet.fr\/index.php\/wp-json\/wp\/v2\/pages\/3439"}],"collection":[{"href":"https:\/\/pountet.fr\/index.php\/wp-json\/wp\/v2\/pages"}],"about":[{"href":"https:\/\/pountet.fr\/index.php\/wp-json\/wp\/v2\/types\/page"}],"author":[{"embeddable":true,"href":"https:\/\/pountet.fr\/index.php\/wp-json\/wp\/v2\/users\/1"}],"replies":[{"embeddable":true,"href":"https:\/\/pountet.fr\/index.php\/wp-json\/wp\/v2\/comments?post=3439"}],"version-history":[{"count":14,"href":"https:\/\/pountet.fr\/index.php\/wp-json\/wp\/v2\/pages\/3439\/revisions"}],"predecessor-version":[{"id":3443,"href":"https:\/\/pountet.fr\/index.php\/wp-json\/wp\/v2\/pages\/3439\/revisions\/3443"}],"wp:attachment":[{"href":"https:\/\/pountet.fr\/index.php\/wp-json\/wp\/v2\/media?parent=3439"}],"curies":[{"name":"wp","href":"https:\/\/api.w.org\/{rel}","templated":true}]}}