{"id":3499,"date":"2021-12-06T14:00:45","date_gmt":"2021-12-06T13:00:45","guid":{"rendered":"https:\/\/pountet.fr\/?page_id=3499"},"modified":"2022-07-27T20:25:31","modified_gmt":"2022-07-27T18:25:31","slug":"nos-vins","status":"publish","type":"page","link":"https:\/\/pountet.fr\/index.php\/nos-vins\/","title":{"rendered":"Nos vins"},"content":{"rendered":"[vc_row et_full_width=&#8221;true&#8221; et_row_padding=&#8221;true&#8221; et_column_align=&#8221;align-center&#8221; parallax=&#8221;content-moving&#8221;][vc_column et_column_color=&#8221;et-light-column&#8221;]\r\n\t\t<div class=\"et-banner-69d7c9712ac21 et-banner content-full  height_70 image-type-css text-color-light hover-effect hover-zoom \"><div class=\"et-banner-image vh-height\" role=\"img\" aria-label=\"pountet_ete_21-2\" data-image=\"https:\/\/pountet.fr\/wp-content\/uploads\/2021\/12\/pountet_ete_21-2-1.jpg\" style=\"background-image: url(https:\/\/pountet.fr\/wp-content\/uploads\/2021\/12\/pountet_ete_21-2-1.jpg);\"><\/div>\r\n\t\t\t<div class=\"et-banner-content\">\r\n\t\t\t\t<div class=\"et-banner-content-inner container\">\r\n\t\t\t\t\t<div class=\"et-banner-text h_center v_center align_center\">\r\n\t\t\t\t\t\t<div class=\"et-banner-text-inner animated\" data-animate=\"et-fadeInUp\"><h2 class=\"et-banner-title color-custom xlarge\">Nos vins<\/h2><\/div>\r\n\t\t\t\t\t<\/div>\r\n\t\t\t\t<\/div>\r\n\t\t\t<\/div>\r\n\t\t<\/div>[\/vc_column][\/vc_row][vc_row et_column_align=&#8221;align-center&#8221; css=&#8221;.vc_custom_1579121915525{padding-top: 60px !important;padding-bottom: 35px !important;}&#8221;][vc_column animation=&#8221;animation bottom-to-top&#8221; offset=&#8221;vc_col-lg-8&#8243;][vc_row_inner et_column_align=&#8221;align-center&#8221;][vc_column_inner][vc_column_text]\n<h2>Le respect du fruit<\/h2>\n[\/vc_column_text][vc_column_text]C\u2019est avec d\u00e9votion que nous travaillons nos vignes dans le plus grand respect du fruit, pour faire na\u00eetre chaque ann\u00e9e nos derni\u00e8res cuv\u00e9es.<\/p>\n<p>Pour toutes les occasions.<\/p>\n<p>Ce sont des vins de copain que l\u2019on peut facilement ouvrir pour le plaisir de partager un moment agr\u00e9able.[\/vc_column_text][\/vc_column_inner][\/vc_row_inner] \n\n\t\t\t<ul class=\"et-product et-main-products products row et-product-style1 hover-animation-zoom-jump products-by-category et-no-variations\">\n\n\t\t\t\t\t\t\t\t\n\t\t\t\t\t\t\t\t\t\t\t\t\t\t\t\t\t\n<li class=\"item et-listing-style1 col-6 col-sm-6 col-md-4 col-lg-4 small_grid_4 hover-image-load product type-product post-3888 status-publish first instock product_cat-vin has-post-thumbnail taxable shipping-taxable purchasable product-type-simple\">\n\t<div class=\"product-inner animation bottom-to-top\">\n\t\t<figure class=\"product_thumbnail et-image-hover\">  \n\t\t<a href=\"https:\/\/pountet.fr\/index.php\/produit\/0-by-pountet\/\" title=\"0\u00b0 by Pountet\"><img width=\"1024\" height=\"1536\" src=\"https:\/\/pountet.fr\/wp-content\/uploads\/2025\/08\/WhatsApp-Image-2025-08-04-at-11.24.33.jpeg\" class=\"main-image skip-lazy wp-post-image\" alt=\"\" loading=\"lazy\" \/><\/a>\n\t\t\t\t<div class=\"actions-wrapper\">\n\t\t\t<div class=\"actions-inner\">\n\t\t\t\t\t\t\t\t\t\t\t\t<a href=https:\/\/pountet.fr\/index.php\/produit\/0-by-pountet\/ title=\"Quick View\" data-product_id=\"3888\" class=\"et-quickview-btn et-tooltip product_type_simple\"><span class=\"text\">Quick View<\/span><span class=\"icon\"><span class=\"et-icon et-maximize-2\"><\/span><\/span><\/span><\/a>\t\t\t<\/div>\n\t\t<\/div>\n\t<\/figure>\n\t<div class=\"caption\">\n\t\t<div class=\"product-title\">\n\t\t\t<h2><a class=\"product-link\" href=\"https:\/\/pountet.fr\/index.php\/produit\/0-by-pountet\/\" title=\"0\u00b0 by Pountet\">0\u00b0 by Pountet<\/a><\/h2>\n\t\t\t\t\t<\/div>\n\t\t\n\t\t<div class=\"product_after_title\">\n\n\t\t\t<div class=\"product_after_shop_loop_price\">\n\t\t\t\t\t\t\t<\/div>\n\n\t\t\t<div class=\"product-excerpt\">\n\t\t\t\t<p><strong>0\u00b0 by Pountet<\/strong><\/p>\n<p>Un vin blanc sans alcool &#8211; 0\u00b0 by Pountet<\/p>\n<p>Ce sauvignon sans alcool offre une aromatique intense et beaucoup de fra\u00eecheur. Ses notes d&#8217;agrumes et sa finesse seront parfaits pour accompagner vos moments de convivialit\u00e9.<\/p>\n\t\t\t<\/div>\n\n\t\t\t<div class=\"after_shop_loop_actions\">\n\n\t\t\t\t\t\t\t<\/div>\n\n\t\t<\/div>\n\n\t\t\n\t<\/div>\n\n\t<\/div>\n\n<\/li>\t\t\t\t\t\t\t\t\t\t\t\t\t\t\t\t\t\n<li class=\"item et-listing-style1 col-6 col-sm-6 col-md-4 col-lg-4 small_grid_4 hover-image-load product type-product post-3465 status-publish instock product_cat-vin has-post-thumbnail taxable shipping-taxable purchasable product-type-simple\">\n\t<div class=\"product-inner animation bottom-to-top\">\n\t\t<figure class=\"product_thumbnail et-image-hover\">  \n\t\t<a href=\"https:\/\/pountet.fr\/index.php\/produit\/3465\/\" title=\"Prima Luz\"><img width=\"800\" height=\"999\" src=\"https:\/\/pountet.fr\/wp-content\/uploads\/2021\/12\/prima_web-1.jpg\" class=\"main-image skip-lazy wp-post-image\" alt=\"\" loading=\"lazy\" \/><\/a>\n\t\t\t\t<div class=\"actions-wrapper\">\n\t\t\t<div class=\"actions-inner\">\n\t\t\t\t\t\t\t\t\t\t\t\t<a href=https:\/\/pountet.fr\/index.php\/produit\/3465\/ title=\"Quick View\" data-product_id=\"3465\" class=\"et-quickview-btn et-tooltip product_type_simple\"><span class=\"text\">Quick View<\/span><span class=\"icon\"><span class=\"et-icon et-maximize-2\"><\/span><\/span><\/span><\/a>\t\t\t<\/div>\n\t\t<\/div>\n\t<\/figure>\n\t<div class=\"caption\">\n\t\t<div class=\"product-title\">\n\t\t\t<h2><a class=\"product-link\" href=\"https:\/\/pountet.fr\/index.php\/produit\/3465\/\" title=\"Prima Luz\">Prima Luz<\/a><\/h2>\n\t\t\t\t\t<\/div>\n\t\t\n\t\t<div class=\"product_after_title\">\n\n\t\t\t<div class=\"product_after_shop_loop_price\">\n\t\t\t\t\t\t\t<\/div>\n\n\t\t\t<div class=\"product-excerpt\">\n\t\t\t\t<p><strong>Prima Luz 2023<br \/>\n<\/strong><\/p>\n<p><em>IGP C\u00f4tes de Gascogne<\/em><\/p>\n<p>Prima Luce est \u00e9labor\u00e9e avec du Gros Manseng, un c\u00e9page typique de la Gascogne. Pour cette cuv\u00e9e, nous vendangeons les baies avant le lever du soleil, \u00e0 la &#8220;Prima Luce&#8221;, pour pr\u00e9server la fra\u00eecheur du raisin.<\/p>\n\t\t\t<\/div>\n\n\t\t\t<div class=\"after_shop_loop_actions\">\n\n\t\t\t\t\t\t\t<\/div>\n\n\t\t<\/div>\n\n\t\t\n\t<\/div>\n\n\t<\/div>\n\n<\/li>\t\t\t\t\t\t\t\t\t\t\t\t\t\t\t\t\t\n<li class=\"item et-listing-style1 col-6 col-sm-6 col-md-4 col-lg-4 small_grid_4 hover-image-load product type-product post-3463 status-publish last instock product_cat-vin has-post-thumbnail taxable shipping-taxable purchasable product-type-simple\">\n\t<div class=\"product-inner animation bottom-to-top\">\n\t\t<figure class=\"product_thumbnail et-image-hover\">  \n\t\t<a href=\"https:\/\/pountet.fr\/index.php\/produit\/parfum-dautomne\/\" title=\"Parfum d&#8217;automne\"><img width=\"800\" height=\"1000\" src=\"https:\/\/pountet.fr\/wp-content\/uploads\/2021\/12\/parfum_automne_web-1.jpg\" class=\"main-image skip-lazy wp-post-image\" alt=\"\" loading=\"lazy\" \/><\/a>\n\t\t\t\t<div class=\"actions-wrapper\">\n\t\t\t<div class=\"actions-inner\">\n\t\t\t\t\t\t\t\t\t\t\t\t<a href=https:\/\/pountet.fr\/index.php\/produit\/parfum-dautomne\/ title=\"Quick View\" data-product_id=\"3463\" class=\"et-quickview-btn et-tooltip product_type_simple\"><span class=\"text\">Quick View<\/span><span class=\"icon\"><span class=\"et-icon et-maximize-2\"><\/span><\/span><\/span><\/a>\t\t\t<\/div>\n\t\t<\/div>\n\t<\/figure>\n\t<div class=\"caption\">\n\t\t<div class=\"product-title\">\n\t\t\t<h2><a class=\"product-link\" href=\"https:\/\/pountet.fr\/index.php\/produit\/parfum-dautomne\/\" title=\"Parfum d&#8217;automne\">Parfum d&#8217;automne<\/a><\/h2>\n\t\t\t\t\t<\/div>\n\t\t\n\t\t<div class=\"product_after_title\">\n\n\t\t\t<div class=\"product_after_shop_loop_price\">\n\t\t\t\t\t\t\t<\/div>\n\n\t\t\t<div class=\"product-excerpt\">\n\t\t\t\t<p><strong>Parfum d&#8217;automne 2023<br \/>\n<\/strong><\/p>\n<p><em>IGP C\u00f4tes de Gascogne<\/em><\/p>\n<p>La cuv\u00e9e Parfum d&#8217;Automne est un vin surprenant car il marie des c\u00e9pages qui ne sont que tr\u00e8s rarement assembl\u00e9s.<\/p>\n\t\t\t<\/div>\n\n\t\t\t<div class=\"after_shop_loop_actions\">\n\n\t\t\t\t\t\t\t<\/div>\n\n\t\t<\/div>\n\n\t\t\n\t<\/div>\n\n\t<\/div>\n\n<\/li>\t\t\t\t\t\t\t\t\t\t\t\t\t\t\t\t\t\n<li class=\"item et-listing-style1 col-6 col-sm-6 col-md-4 col-lg-4 small_grid_4 hover-image-load product type-product post-3461 status-publish first instock product_cat-vin has-post-thumbnail taxable shipping-taxable purchasable product-type-simple\">\n\t<div class=\"product-inner animation bottom-to-top\">\n\t\t<figure class=\"product_thumbnail et-image-hover\">  \n\t\t<a href=\"https:\/\/pountet.fr\/index.php\/produit\/plaisir-dete\/\" title=\"Plaisir d&#8217;\u00e9t\u00e9\"><img width=\"800\" height=\"1000\" src=\"https:\/\/pountet.fr\/wp-content\/uploads\/2021\/12\/rose_web_catalogue_2.jpg\" class=\"main-image skip-lazy wp-post-image\" alt=\"\" loading=\"lazy\" \/><\/a>\n\t\t\t\t<div class=\"actions-wrapper\">\n\t\t\t<div class=\"actions-inner\">\n\t\t\t\t\t\t\t\t\t\t\t\t<a href=https:\/\/pountet.fr\/index.php\/produit\/plaisir-dete\/ title=\"Quick View\" data-product_id=\"3461\" class=\"et-quickview-btn et-tooltip product_type_simple\"><span class=\"text\">Quick View<\/span><span class=\"icon\"><span class=\"et-icon et-maximize-2\"><\/span><\/span><\/span><\/a>\t\t\t<\/div>\n\t\t<\/div>\n\t<\/figure>\n\t<div class=\"caption\">\n\t\t<div class=\"product-title\">\n\t\t\t<h2><a class=\"product-link\" href=\"https:\/\/pountet.fr\/index.php\/produit\/plaisir-dete\/\" title=\"Plaisir d&#8217;\u00e9t\u00e9\">Plaisir d&#8217;\u00e9t\u00e9<\/a><\/h2>\n\t\t\t\t\t<\/div>\n\t\t\n\t\t<div class=\"product_after_title\">\n\n\t\t\t<div class=\"product_after_shop_loop_price\">\n\t\t\t\t\t\t\t<\/div>\n\n\t\t\t<div class=\"product-excerpt\">\n\t\t\t\t<p><strong>Plaisir d&#8217;\u00e9t\u00e9 2023<br \/>\n<\/strong><\/p>\n<p><em>IGP C\u00f4tes de Gascogne<\/em><\/p>\n<p>C\u2019est un ros\u00e9 de press\u00e9e, issu en majorit\u00e9 des c\u00e9pages merlot et Malbec. La bouche est nerveuse et fra\u00eeche, d\u2019une parfaite nettet\u00e9. Plaisir d\u2019Et\u00e9 se boit frais entre 8 et 10\u00b0 et doit \u00eatre d\u00e9gust\u00e9 dans l\u2019ann\u00e9e qui suit le mill\u00e9sime.<\/p>\n\t\t\t<\/div>\n\n\t\t\t<div class=\"after_shop_loop_actions\">\n\n\t\t\t\t\t\t\t<\/div>\n\n\t\t<\/div>\n\n\t\t\n\t<\/div>\n\n\t<\/div>\n\n<\/li>\t\t\t\t\t\t\t\t\t\t\t\t\t\t\t\t\t\n<li class=\"item et-listing-style1 col-6 col-sm-6 col-md-4 col-lg-4 small_grid_4 hover-image-load product type-product post-3459 status-publish instock product_cat-vin has-post-thumbnail taxable shipping-taxable purchasable product-type-simple\">\n\t<div class=\"product-inner animation bottom-to-top\">\n\t\t<figure class=\"product_thumbnail et-image-hover\">  \n\t\t<a href=\"https:\/\/pountet.fr\/index.php\/produit\/eclats-de-fruits\/\" title=\"\u00c9clats de fruits\"><img width=\"800\" height=\"999\" src=\"https:\/\/pountet.fr\/wp-content\/uploads\/2021\/12\/eclats_web_2.jpg\" class=\"main-image skip-lazy wp-post-image\" alt=\"\" loading=\"lazy\" \/><\/a>\n\t\t\t\t<div class=\"actions-wrapper\">\n\t\t\t<div class=\"actions-inner\">\n\t\t\t\t\t\t\t\t\t\t\t\t<a href=https:\/\/pountet.fr\/index.php\/produit\/eclats-de-fruits\/ title=\"Quick View\" data-product_id=\"3459\" class=\"et-quickview-btn et-tooltip product_type_simple\"><span class=\"text\">Quick View<\/span><span class=\"icon\"><span class=\"et-icon et-maximize-2\"><\/span><\/span><\/span><\/a>\t\t\t<\/div>\n\t\t<\/div>\n\t<\/figure>\n\t<div class=\"caption\">\n\t\t<div class=\"product-title\">\n\t\t\t<h2><a class=\"product-link\" href=\"https:\/\/pountet.fr\/index.php\/produit\/eclats-de-fruits\/\" title=\"\u00c9clats de fruits\">\u00c9clats de fruits<\/a><\/h2>\n\t\t\t\t\t<\/div>\n\t\t\n\t\t<div class=\"product_after_title\">\n\n\t\t\t<div class=\"product_after_shop_loop_price\">\n\t\t\t\t\t\t\t<\/div>\n\n\t\t\t<div class=\"product-excerpt\">\n\t\t\t\t<p><strong>\u00c9clats de fruits 2016<br \/>\n<\/strong><\/p>\n<p><em>IGP Comte Tolosan<\/em><\/p>\n<p>Cette cuv\u00e9e est issue des c\u00e9pages Malbec, Merlot et Tannat. Il pr\u00e9sente une robe grenat profond et brillante. C\u2019est un vin charnu et tr\u00e8s fruit\u00e9.<\/p>\n\t\t\t<\/div>\n\n\t\t\t<div class=\"after_shop_loop_actions\">\n\n\t\t\t\t\t\t\t<\/div>\n\n\t\t<\/div>\n\n\t\t\n\t<\/div>\n\n\t<\/div>\n\n<\/li>\t\t\t\t\t\t\t\t\t\t\t\t\t\t\t\t\t\n<li class=\"item et-listing-style1 col-6 col-sm-6 col-md-4 col-lg-4 small_grid_4 hover-image-load product type-product post-3456 status-publish last instock product_cat-vin has-post-thumbnail taxable shipping-taxable purchasable product-type-simple\">\n\t<div class=\"product-inner animation bottom-to-top\">\n\t\t<figure class=\"product_thumbnail et-image-hover\">  \n\t\t<a href=\"https:\/\/pountet.fr\/index.php\/produit\/horloge\/\" title=\"Horloge\"><img width=\"800\" height=\"1000\" src=\"https:\/\/pountet.fr\/wp-content\/uploads\/2021\/12\/horloge_web_2.jpg\" class=\"main-image skip-lazy wp-post-image\" alt=\"\" loading=\"lazy\" \/><img width=\"1200\" height=\"1600\" src=\"https:\/\/pountet.fr\/wp-content\/uploads\/2021\/12\/Horloge.jpg\" class=\"product_thumbnail_hover\" alt=\"Situation\" loading=\"lazy\" \/><\/a>\n\t\t\t\t<div class=\"actions-wrapper\">\n\t\t\t<div class=\"actions-inner\">\n\t\t\t\t\t\t\t\t\t\t\t\t<a href=https:\/\/pountet.fr\/index.php\/produit\/horloge\/ title=\"Quick View\" data-product_id=\"3456\" class=\"et-quickview-btn et-tooltip product_type_simple\"><span class=\"text\">Quick View<\/span><span class=\"icon\"><span class=\"et-icon et-maximize-2\"><\/span><\/span><\/span><\/a>\t\t\t<\/div>\n\t\t<\/div>\n\t<\/figure>\n\t<div class=\"caption\">\n\t\t<div class=\"product-title\">\n\t\t\t<h2><a class=\"product-link\" href=\"https:\/\/pountet.fr\/index.php\/produit\/horloge\/\" title=\"Horloge\">Horloge<\/a><\/h2>\n\t\t\t\t\t<\/div>\n\t\t\n\t\t<div class=\"product_after_title\">\n\n\t\t\t<div class=\"product_after_shop_loop_price\">\n\t\t\t\t\t\t\t<\/div>\n\n\t\t\t<div class=\"product-excerpt\">\n\t\t\t\t<p><strong>Horloge 2012<br \/>\n<\/strong><\/p>\n<p><em>AOP Brulhois<\/em><\/p>\n<p>L\u2019Horloge est issue du c\u00e9page Malbec, r\u00e9colt\u00e9 sur les meilleures parcelles, il est enti\u00e8rement vinifi\u00e9e et \u00e9lev\u00e9e en f\u00fbts de ch\u00eane neufs durant 18 mois.<\/p>\n\t\t\t<\/div>\n\n\t\t\t<div class=\"after_shop_loop_actions\">\n\n\t\t\t\t\t\t\t<\/div>\n\n\t\t<\/div>\n\n\t\t\n\t<\/div>\n\n\t<\/div>\n\n<\/li>\t\t\t\t\t\t\t\t\t\t\t\t\t\t\t\n\t\t\t\t<\/ul>\n\t\t\t\t\t \n\t[\/vc_column][\/vc_row][vc_row][vc_column][vc_row_inner][vc_column_inner animation=&#8221;animation bottom-to-top&#8221;]\t<div id=\"et-image-322\" class=\"et-image aligncenter    et_image_link\">\n\t\t<div class=\"et-image-inner animation bottom-to-top\">\n\t\t\t\t\t\t\t<div class=\"et-image-thumb \">\n\t\t\t\t\t<img width=\"1400\" height=\"933\" src=\"https:\/\/pountet.fr\/wp-content\/uploads\/2021\/12\/pountet_ete_21-24.jpg\" class=\"attachment-full\" alt=\"\" loading=\"lazy\" srcset=\"https:\/\/pountet.fr\/wp-content\/uploads\/2021\/12\/pountet_ete_21-24.jpg 1400w, https:\/\/pountet.fr\/wp-content\/uploads\/2021\/12\/pountet_ete_21-24-300x200.jpg 300w, https:\/\/pountet.fr\/wp-content\/uploads\/2021\/12\/pountet_ete_21-24-1024x682.jpg 1024w, https:\/\/pountet.fr\/wp-content\/uploads\/2021\/12\/pountet_ete_21-24-768x512.jpg 768w, https:\/\/pountet.fr\/wp-content\/uploads\/2021\/12\/pountet_ete_21-24-150x100.jpg 150w, https:\/\/pountet.fr\/wp-content\/uploads\/2021\/12\/pountet_ete_21-24-900x600.jpg 900w\" sizes=\"(max-width: 1400px) 100vw, 1400px\" \/>\t\t\t\t<\/div>\n\t\t\t\t\t\t\t\t\t\t\t<\/div>\n\t<\/div>\n  [\/vc_column_inner][\/vc_row_inner][\/vc_column][\/vc_row]\n","protected":false},"excerpt":{"rendered":"<p>[vc_row et_full_width=&#8221;true&#8221; et_row_padding=&#8221;true&#8221; et_column_align=&#8221;align-center&#8221; parallax=&#8221;content-moving&#8221;][vc_column et_column_color=&#8221;et-light-column&#8221;][\/vc_column][\/vc_row][vc_row et_column_align=&#8221;align-center&#8221; css=&#8221;.vc_custom_1579121915525{padding-top: 60px !important;padding-bottom: 35px !important;}&#8221;][vc_column animation=&#8221;animation bottom-to-top&#8221; offset=&#8221;vc_col-lg-8&#8243;][vc_row_inner et_column_align=&#8221;align-center&#8221;][vc_column_inner][vc_column_text] Le respect du fruit [\/vc_column_text][vc_column_text]C\u2019est avec d\u00e9votion que nous travaillons nos vignes dans le plus grand respect du fruit, pour faire na\u00eetre chaque ann\u00e9e nos derni\u00e8res cuv\u00e9es. Pour toutes les occasions. Ce sont des&hellip;<\/p>\n","protected":false},"author":1,"featured_media":0,"parent":0,"menu_order":0,"comment_status":"closed","ping_status":"closed","template":"","meta":[],"_links":{"self":[{"href":"https:\/\/pountet.fr\/index.php\/wp-json\/wp\/v2\/pages\/3499"}],"collection":[{"href":"https:\/\/pountet.fr\/index.php\/wp-json\/wp\/v2\/pages"}],"about":[{"href":"https:\/\/pountet.fr\/index.php\/wp-json\/wp\/v2\/types\/page"}],"author":[{"embeddable":true,"href":"https:\/\/pountet.fr\/index.php\/wp-json\/wp\/v2\/users\/1"}],"replies":[{"embeddable":true,"href":"https:\/\/pountet.fr\/index.php\/wp-json\/wp\/v2\/comments?post=3499"}],"version-history":[{"count":9,"href":"https:\/\/pountet.fr\/index.php\/wp-json\/wp\/v2\/pages\/3499\/revisions"}],"predecessor-version":[{"id":3773,"href":"https:\/\/pountet.fr\/index.php\/wp-json\/wp\/v2\/pages\/3499\/revisions\/3773"}],"wp:attachment":[{"href":"https:\/\/pountet.fr\/index.php\/wp-json\/wp\/v2\/media?parent=3499"}],"curies":[{"name":"wp","href":"https:\/\/api.w.org\/{rel}","templated":true}]}}