{"id":3526,"date":"2021-12-06T15:37:20","date_gmt":"2021-12-06T14:37:20","guid":{"rendered":"https:\/\/pountet.fr\/?page_id=3526"},"modified":"2022-07-03T20:51:04","modified_gmt":"2022-07-03T18:51:04","slug":"miel-savon","status":"publish","type":"page","link":"https:\/\/pountet.fr\/index.php\/miel-savon\/","title":{"rendered":"Miel"},"content":{"rendered":"[vc_row et_full_width=&#8221;true&#8221; et_row_padding=&#8221;true&#8221; et_column_align=&#8221;align-center&#8221; parallax=&#8221;content-moving&#8221;][vc_column et_column_color=&#8221;et-light-column&#8221;]\r\n\t\t<div class=\"et-banner-69e593f69014e et-banner content-full  height_70 image-type-css text-color-light hover-effect hover-zoom \"><div class=\"et-banner-image vh-height\" role=\"img\" aria-label=\"abeilles\" data-image=\"https:\/\/pountet.fr\/wp-content\/uploads\/2021\/12\/abeilles.jpg\" style=\"background-image: url(https:\/\/pountet.fr\/wp-content\/uploads\/2021\/12\/abeilles.jpg);\"><\/div>\r\n\t\t<\/div>[vc_column_text]\n<div class=\"et-banner-content\">\n<div class=\"et-banner-content-inner container\">\n<div class=\"et-banner-text h_center v_center align_center\">\n<div class=\"et-banner-text-inner animated\" data-animate=\"et-fadeInUp\">\n<h1 class=\"et-banner-title color-custom xlarge\">Le miel du Pountet<\/h1>\n<h1 class=\"et-banner-subtitle color- text_style\"><strong>Un miel issu de plusieurs horizons<\/strong><\/h1>\n<\/div>\n<\/div>\n<\/div>\n<\/div>\n[\/vc_column_text][\/vc_column][\/vc_row][vc_row et_column_align=&#8221;align-center&#8221; css=&#8221;.vc_custom_1579121915525{padding-top: 60px !important;padding-bottom: 35px !important;}&#8221;][vc_column animation=&#8221;animation bottom-to-top&#8221; offset=&#8221;vc_col-lg-8&#8243;][vc_row_inner et_column_align=&#8221;align-center&#8221;][vc_column_inner][vc_column_text]\n<h2>Le Miel du Pountet<\/h2>\n[\/vc_column_text][vc_column_text]Nous r\u00e9coltons le miel deux fois par an , au mois de juin et d\u2019ao\u00fbt et laissons les abeilles profiter le reste de l\u2019ann\u00e9e. Notre miel est issu de plusieurs horizons.<\/p>\n<p>Au printemps; les pruniers de notre verger, le buisson noir, la laurine, le pissenlit et l\u2019aub\u00e9pine. A la fin de l\u2019\u00e9t\u00e9 vient le tour de l\u2019acacia, du ch\u00e2taigner, du tilleul, du tr\u00e8fle blanc&#8230;[\/vc_column_text][\/vc_column_inner][\/vc_row_inner][\/vc_column][\/vc_row][vc_row][vc_column][vc_row_inner][vc_column_inner animation=&#8221;animation bottom-to-top&#8221;]\t<div id=\"et-image-118\" class=\"et-image aligncenter    et_image_link\">\n\t\t<div class=\"et-image-inner animation bottom-to-top\">\n\t\t\t\t\t\t\t<div class=\"et-image-thumb \">\n\t\t\t\t\t<img width=\"1200\" height=\"663\" src=\"https:\/\/pountet.fr\/wp-content\/uploads\/2021\/12\/ruche.jpg\" class=\"attachment-full\" alt=\"\" loading=\"lazy\" srcset=\"https:\/\/pountet.fr\/wp-content\/uploads\/2021\/12\/ruche.jpg 1200w, https:\/\/pountet.fr\/wp-content\/uploads\/2021\/12\/ruche-300x166.jpg 300w, https:\/\/pountet.fr\/wp-content\/uploads\/2021\/12\/ruche-1024x566.jpg 1024w, https:\/\/pountet.fr\/wp-content\/uploads\/2021\/12\/ruche-768x424.jpg 768w, https:\/\/pountet.fr\/wp-content\/uploads\/2021\/12\/ruche-150x83.jpg 150w, https:\/\/pountet.fr\/wp-content\/uploads\/2021\/12\/ruche-900x497.jpg 900w\" sizes=\"(max-width: 1200px) 100vw, 1200px\" \/>\t\t\t\t<\/div>\n\t\t\t\t\t\t\t\t\t\t\t<\/div>\n\t<\/div>\n  [\/vc_column_inner][\/vc_row_inner][vc_empty_space height=&#8221;52px&#8221;]\t\t\t\n\t\t\t<div class=\"carousel-container\">\n\t\t\t\t<ul class=\"et-product et-main-products products row et-product-style1 hover-animation-zoom-jump products-by-category et-no-variations carousel et-product-slider slick slick-arrows-outside slick-controls-gray slick-dots-centered slick-dots-active-small\" data-columns=\"4\" data-mobile-columns=\"2\" data-slides-to-scroll=\"4\" data-navigation=\"true\" data-pagination=\"\">\t\t\n\n\t\t\t\t\t\t\t\t\n\t\t\t\t\t\t\t\t\t\t\t\t\t\t\t\t\t\n<li class=\"item et-listing-style1 col-6 col-sm-6 col-md-4 col-lg-3 small_grid_5 hover-image-load product type-product post-3775 status-publish first instock product_cat-miel has-post-thumbnail taxable shipping-taxable purchasable product-type-simple\">\n\t<div class=\"product-inner animation bottom-to-top\">\n\t\t<figure class=\"product_thumbnail et-image-hover\">  \n\t\t<a href=\"https:\/\/pountet.fr\/index.php\/produit\/le-miel-du-pountet-lot-de-3-pot-de-300g\/\" title=\"Le miel du Pountet (Lot de 3 pot de 300g.)\"><img width=\"1705\" height=\"1808\" src=\"https:\/\/pountet.fr\/wp-content\/uploads\/2022\/07\/lot_miel_web.jpg\" class=\"main-image skip-lazy wp-post-image\" alt=\"\" loading=\"lazy\" \/><\/a>\n\t\t\t\t<div class=\"actions-wrapper\">\n\t\t\t<div class=\"actions-inner\">\n\t\t\t\t\t\t\t\t\t\t\t\t<a href=https:\/\/pountet.fr\/index.php\/produit\/le-miel-du-pountet-lot-de-3-pot-de-300g\/ title=\"Quick View\" data-product_id=\"3775\" class=\"et-quickview-btn et-tooltip product_type_simple\"><span class=\"text\">Quick View<\/span><span class=\"icon\"><span class=\"et-icon et-maximize-2\"><\/span><\/span><\/span><\/a>\t\t\t<\/div>\n\t\t<\/div>\n\t<\/figure>\n\t<div class=\"caption\">\n\t\t<div class=\"product-title\">\n\t\t\t<h2><a class=\"product-link\" href=\"https:\/\/pountet.fr\/index.php\/produit\/le-miel-du-pountet-lot-de-3-pot-de-300g\/\" title=\"Le miel du Pountet (Lot de 3 pot de 300g.)\">Le miel du Pountet (Lot de 3 pot de 300g.)<\/a><\/h2>\n\t\t\t\t\t<\/div>\n\t\t\n\t\t<div class=\"product_after_title\">\n\n\t\t\t<div class=\"product_after_shop_loop_price\">\n\t\t\t\t\t\t\t<\/div>\n\n\t\t\t<div class=\"product-excerpt\">\n\t\t\t\t<p><strong>3x Pot de Miel mille fleurs de 300 g.<\/strong><\/p>\n<p>Notre miel est issu de plusieurs horizons : au printemps, les pruniers de notre verger, le buisson noir, la laurine, le pissenlit et l&#8217;aub\u00e9pine, \u00e0 la fin de l&#8217;\u00e9t\u00e9 vient le tour de l&#8217;acacia, du ch\u00e2taigner, du tilleul, du tr\u00e8fle blanc&#8230;<\/p>\n<p><strong> Lot de 3 pot de 300g.<\/strong><\/p>\n\t\t\t<\/div>\n\n\t\t\t<div class=\"after_shop_loop_actions\">\n\n\t\t\t\t\t\t\t<\/div>\n\n\t\t<\/div>\n\n\t\t\n\t<\/div>\n\n\t<\/div>\n\n<\/li>\t\t\t\t\t\t\t\t\t\t\t\t\t\t\t\t\t\n<li class=\"item et-listing-style1 col-6 col-sm-6 col-md-4 col-lg-3 small_grid_5 hover-image-load product type-product post-3474 status-publish instock product_cat-miel has-post-thumbnail taxable shipping-taxable purchasable product-type-simple\">\n\t<div class=\"product-inner animation bottom-to-top\">\n\t\t<figure class=\"product_thumbnail et-image-hover\">  \n\t\t<a href=\"https:\/\/pountet.fr\/index.php\/produit\/miel\/\" title=\"Le miel du Pountet (pot de 300g.)\"><img width=\"800\" height=\"1000\" src=\"https:\/\/pountet.fr\/wp-content\/uploads\/2021\/12\/miel_catalogue.jpg\" class=\"main-image skip-lazy wp-post-image\" alt=\"\" loading=\"lazy\" \/><\/a>\n\t\t\t\t<div class=\"actions-wrapper\">\n\t\t\t<div class=\"actions-inner\">\n\t\t\t\t\t\t\t\t\t\t\t\t<a href=https:\/\/pountet.fr\/index.php\/produit\/miel\/ title=\"Quick View\" data-product_id=\"3474\" class=\"et-quickview-btn et-tooltip product_type_simple\"><span class=\"text\">Quick View<\/span><span class=\"icon\"><span class=\"et-icon et-maximize-2\"><\/span><\/span><\/span><\/a>\t\t\t<\/div>\n\t\t<\/div>\n\t<\/figure>\n\t<div class=\"caption\">\n\t\t<div class=\"product-title\">\n\t\t\t<h2><a class=\"product-link\" href=\"https:\/\/pountet.fr\/index.php\/produit\/miel\/\" title=\"Le miel du Pountet (pot de 300g.)\">Le miel du Pountet (pot de 300g.)<\/a><\/h2>\n\t\t\t\t\t<\/div>\n\t\t\n\t\t<div class=\"product_after_title\">\n\n\t\t\t<div class=\"product_after_shop_loop_price\">\n\t\t\t\t\t\t\t<\/div>\n\n\t\t\t<div class=\"product-excerpt\">\n\t\t\t\t<p><strong>Pot de Miel mille fleurs de 300 g.<\/strong><\/p>\n<p>Notre miel est issu de plusieurs horizons : au printemps, les pruniers de notre verger, le buisson noir, la laurine, le pissenlit et l&#8217;aub\u00e9pine, \u00e0 la fin de l&#8217;\u00e9t\u00e9 vient le tour de l&#8217;acacia, du ch\u00e2taigner, du tilleul, du tr\u00e8fle blanc&#8230;<\/p>\n<p><strong>\u00a0<\/strong><\/p>\n\t\t\t<\/div>\n\n\t\t\t<div class=\"after_shop_loop_actions\">\n\n\t\t\t\t\t\t\t<\/div>\n\n\t\t<\/div>\n\n\t\t\n\t<\/div>\n\n\t<\/div>\n\n<\/li>\t\t\t\t\t\t\t\t\t\t\t\t\t\t\t\n\t\t\t\t<\/ul>\n\t\t\t<\/div>\t\t \n\t[\/vc_column][\/vc_row][vc_row][vc_column][\/vc_column][\/vc_row]\n","protected":false},"excerpt":{"rendered":"<p>[vc_row et_full_width=&#8221;true&#8221; et_row_padding=&#8221;true&#8221; et_column_align=&#8221;align-center&#8221; parallax=&#8221;content-moving&#8221;][vc_column et_column_color=&#8221;et-light-column&#8221;][vc_column_text] Le miel du Pountet Un miel issu de plusieurs horizons [\/vc_column_text][\/vc_column][\/vc_row][vc_row et_column_align=&#8221;align-center&#8221; css=&#8221;.vc_custom_1579121915525{padding-top: 60px !important;padding-bottom: 35px !important;}&#8221;][vc_column animation=&#8221;animation bottom-to-top&#8221; offset=&#8221;vc_col-lg-8&#8243;][vc_row_inner et_column_align=&#8221;align-center&#8221;][vc_column_inner][vc_column_text] Le Miel du Pountet [\/vc_column_text][vc_column_text]Nous r\u00e9coltons le miel deux fois par an , au mois de juin et d\u2019ao\u00fbt et laissons les abeilles&hellip;<\/p>\n","protected":false},"author":1,"featured_media":0,"parent":0,"menu_order":0,"comment_status":"closed","ping_status":"closed","template":"","meta":[],"_links":{"self":[{"href":"https:\/\/pountet.fr\/index.php\/wp-json\/wp\/v2\/pages\/3526"}],"collection":[{"href":"https:\/\/pountet.fr\/index.php\/wp-json\/wp\/v2\/pages"}],"about":[{"href":"https:\/\/pountet.fr\/index.php\/wp-json\/wp\/v2\/types\/page"}],"author":[{"embeddable":true,"href":"https:\/\/pountet.fr\/index.php\/wp-json\/wp\/v2\/users\/1"}],"replies":[{"embeddable":true,"href":"https:\/\/pountet.fr\/index.php\/wp-json\/wp\/v2\/comments?post=3526"}],"version-history":[{"count":12,"href":"https:\/\/pountet.fr\/index.php\/wp-json\/wp\/v2\/pages\/3526\/revisions"}],"predecessor-version":[{"id":3630,"href":"https:\/\/pountet.fr\/index.php\/wp-json\/wp\/v2\/pages\/3526\/revisions\/3630"}],"wp:attachment":[{"href":"https:\/\/pountet.fr\/index.php\/wp-json\/wp\/v2\/media?parent=3526"}],"curies":[{"name":"wp","href":"https:\/\/api.w.org\/{rel}","templated":true}]}}