{"id":861,"date":"2019-04-12T03:24:27","date_gmt":"2019-04-12T03:24:27","guid":{"rendered":"https:\/\/goya.everthemes.com\/demo-basic\/?page_id=861"},"modified":"2025-09-23T16:35:05","modified_gmt":"2025-09-23T14:35:05","slug":"home-classic","status":"publish","type":"page","link":"https:\/\/pountet.fr\/","title":{"rendered":"Accueil"},"content":{"rendered":"[vc_row et_full_width=&#8221;true&#8221; et_column_align=&#8221;align-center&#8221; css=&#8221;.vc_custom_1579117366191{margin-bottom: 60px !important;}&#8221;][vc_column offset=&#8221;vc_col-lg-11&#8243;]\r\n\t\t<div class=\"et-banner-69e75af660e54 et-banner content-full  height_70 image-type-css text-color-dark hover-effect  \"><div class=\"et-banner-image vh-height\" role=\"img\" aria-label=\"portail_web-1_v2\" data-image=\"https:\/\/pountet.fr\/wp-content\/uploads\/2022\/07\/portail_web-1_v2.jpg\" style=\"background-image: url(https:\/\/pountet.fr\/wp-content\/uploads\/2022\/07\/portail_web-1_v2.jpg);\"><\/div>\r\n\t\t<\/div>[\/vc_column][\/vc_row][vc_row et_column_align=&#8221;align-center&#8221; content_placement=&#8221;middle&#8221;][vc_column animation=&#8221;animation bottom-to-top&#8221; css=&#8221;.vc_custom_1638382994709{padding-top: 60px !important;padding-right: 5% !important;padding-bottom: 40px !important;padding-left: 5% !important;background-color: #ffffff !important;}&#8221;][vc_row_inner et_column_align=&#8221;align-center&#8221; content_placement=&#8221;top&#8221;][vc_column_inner offset=&#8221;vc_col-lg-8&#8243;][vc_column_text]\n<p style=\"text-align: center;\"><em>Un chai aux allures de b\u00e2tisse romaine avec ses cypr\u00e9s et son all\u00e9e de ch\u00eanes li\u00e8ge faisant face aux <\/em><em>Pyr\u00e9n\u00e9es, un vignoble familial plant\u00e9 sur la terre d&#8217;Eluza, ancienne cit\u00e9 romaine. <\/em><em>C&#8217;est ici que la famille Combes, propri\u00e9taire r\u00e9coltant, cr\u00e9e des vins \u00e0 son image.<\/em><\/p>\n<p style=\"text-align: center;\"><strong>Actualit\u00e9s du domaine :<\/strong><\/p>\n<p style=\"text-align: center;\">Les vendanges se terminent, nous allons bient\u00f4t reprendre la route pour venir \u00e0 votre rencontre sur les salons d&#8217;automne. Cette ann\u00e9e vous pourrez nous retrouver \u00e0 :<\/p>\n<ul>\n<li style=\"text-align: left;\"><strong>Toulouse<\/strong> : du <strong>24 au 26 octobre 2025<\/strong> pour le Salon Vins &amp; Terroir qui se tiendra au MEET<\/li>\n<li style=\"text-align: left;\"><strong>Lyon<\/strong> : du <strong>30 octobre au 02 novembre<\/strong> pour le Salon des Vignerons Ind\u00e9pendants qui a lieu aux Halles Tony Garnier<\/li>\n<li style=\"text-align: left;\"><span style=\"color: #ff0000;\"><strong>NOUVEAU<\/strong> <\/span>: <strong>REIMS<\/strong> : du <strong>07 novembre au 10 novembre 2025<\/strong> pour le Salon des Vignerons Ind\u00e9pendants qui se tiendra au Parc des Expositions<\/li>\n<li style=\"text-align: left;\"><strong>Lille<\/strong> : du <strong>21 au 24 novembre 2025<\/strong>\u00a0 pour le Salon des Vignerons Ind\u00e9pendants qui se tiendra \u00e0 Lille Grand Palais<\/li>\n<\/ul>\n<p><strong>N&#8217;h\u00e9sitez pas \u00e0 nous contacter pour obtenir des invitations pour ces rendez vous incontournables<br \/>\n<img loading=\"lazy\" class=\" wp-image-3889 alignright\" src=\"https:\/\/pountet.fr\/wp-content\/uploads\/2025\/08\/WhatsApp-Image-2025-08-04-at-11.24.33-200x300.jpeg\" alt=\"\" width=\"142\" height=\"213\" \/><\/strong><\/p>\n<p><span style=\"color: #008080;\"><strong>NOUVEAU PRODUIT:\u00a0 \u00a00\u00b0 by Pountet<\/strong><\/span><\/p>\n<p>Le vin blanc sans alcool vu par Pountet<\/p>\n<p>Ce 100 % sauvignon sans alcool offre une aromatique intense et beaucoup de fra\u00eecheur. Ses notes d&#8217;agrumes et sa finesse seront parfaits pour accompagner vos moments de convivialit\u00e9. A d\u00e9couvrir sans attendre<\/p>\n<p>&nbsp;<\/p>\n<p><img loading=\"lazy\" class=\"alignright\" src=\"https:\/\/servimg.eyrolles.com\/static\/media\/1002\/9782375571002_internet_h1400.jpg\" alt=\"Occitanie Andorre 2024 - Collectif Gault et Millau - Librairie Eyrolles\" width=\"149\" height=\"220\" \/><\/p>\n<p>D\u00e9couvrez notre Armagnac VSOP, s\u00e9lectionn\u00e9 pour dans le Guide Gault et Millau Occitanie Andorre 2024<br \/>\nNote\u00a0 : 94\/100<br \/>\nCe VSOP en T\u00e9nar\u00e8ze, surprend par la complexit\u00e9 de ses eaux de vies relativement jeunes. Une vraie r\u00e9ussite pour sa cat\u00e9gorie.<\/p>\n<p>&nbsp;<\/p>\n<p>&nbsp;<\/p>\n<p>&nbsp;<\/p>\n<p style=\"text-align: center;\">N&#8217;h\u00e9sitez pas \u00e0 nous \u00e9crire <a href=\"mailto:contact@pountet.com\">contact@pountet.com<\/a>\u00a0 ou pour commander<\/p>\n[\/vc_column_text][vc_empty_space height=&#8221;10px&#8221;]\t<div id=\"et-image-667\" class=\"et-image     et_image_link\">\n\t\t<div class=\"et-image-inner \">\n\t\t\t\t\t\t\t<div class=\"et-image-thumb \">\n\t\t\t\t\t<img width=\"2000\" height=\"1333\" src=\"https:\/\/pountet.fr\/wp-content\/uploads\/2022\/07\/080A0671.jpg\" class=\"attachment-full\" alt=\"\" loading=\"lazy\" srcset=\"https:\/\/pountet.fr\/wp-content\/uploads\/2022\/07\/080A0671.jpg 2000w, https:\/\/pountet.fr\/wp-content\/uploads\/2022\/07\/080A0671-300x200.jpg 300w, https:\/\/pountet.fr\/wp-content\/uploads\/2022\/07\/080A0671-1024x682.jpg 1024w, https:\/\/pountet.fr\/wp-content\/uploads\/2022\/07\/080A0671-768x512.jpg 768w, https:\/\/pountet.fr\/wp-content\/uploads\/2022\/07\/080A0671-1536x1024.jpg 1536w, https:\/\/pountet.fr\/wp-content\/uploads\/2022\/07\/080A0671-150x100.jpg 150w, https:\/\/pountet.fr\/wp-content\/uploads\/2022\/07\/080A0671-900x600.jpg 900w\" sizes=\"(max-width: 2000px) 100vw, 2000px\" \/>\t\t\t\t<\/div>\n\t\t\t\t\t\t\t\t\t\t\t<\/div>\n\t<\/div>\n  [vc_empty_space height=&#8221;20px&#8221;]\t<div id=\"et-image-518\" class=\"et-image aligncenter    et_image_link\">\n\t\t<div class=\"et-image-inner \">\n\t\t\t\t\t\t\t<div class=\"et-image-thumb \">\n\t\t\t\t\t<img width=\"300\" height=\"298\" src=\"https:\/\/pountet.fr\/wp-content\/uploads\/2021\/12\/logo_dessin_web_2-300x298.png\" class=\"attachment-medium\" alt=\"\" loading=\"lazy\" srcset=\"https:\/\/pountet.fr\/wp-content\/uploads\/2021\/12\/logo_dessin_web_2-300x298.png 300w, https:\/\/pountet.fr\/wp-content\/uploads\/2021\/12\/logo_dessin_web_2-150x150.png 150w, https:\/\/pountet.fr\/wp-content\/uploads\/2021\/12\/logo_dessin_web_2-100x100.png 100w, https:\/\/pountet.fr\/wp-content\/uploads\/2021\/12\/logo_dessin_web_2.png 582w\" sizes=\"(max-width: 300px) 100vw, 300px\" \/>\t\t\t\t<\/div>\n\t\t\t\t\t\t\t\t\t\t\t<\/div>\n\t<\/div>\n  [\/vc_column_inner][\/vc_row_inner][\/vc_column][\/vc_row][vc_row][vc_column]\t\t\t\n\t\t\t<div class=\"carousel-container\">\n\t\t\t\t<ul class=\"et-product et-main-products products row et-product-style2 hover-animation-zoom-jump products-by-category et-no-variations carousel et-product-slider slick slick-arrows-outside slick-controls-gray slick-dots-centered slick-dots-active-small\" data-columns=\"3\" data-mobile-columns=\"2\" data-slides-to-scroll=\"3\" data-navigation=\"true\" data-pagination=\"\">\t\t\n\n\t\t\t\t\t\t\t\t\n\t\t\t\t\t\t\t\t\t\t\t\t\t\t\t\t\t\n<li class=\"item et-listing-style2 col-6 col-sm-6 col-md-4 col-lg-4 small_grid_4 hover-image-load product type-product post-3888 status-publish first instock product_cat-vin has-post-thumbnail taxable shipping-taxable purchasable product-type-simple\">\n\t<div class=\"product-inner animation bottom-to-top\">\n\t\t<figure class=\"product_thumbnail et-image-hover\">  \n\t\t<a href=\"https:\/\/pountet.fr\/index.php\/produit\/0-by-pountet\/\" title=\"0\u00b0 by Pountet\"><img width=\"1024\" height=\"1536\" src=\"https:\/\/pountet.fr\/wp-content\/uploads\/2025\/08\/WhatsApp-Image-2025-08-04-at-11.24.33.jpeg\" class=\"main-image skip-lazy wp-post-image\" alt=\"\" loading=\"lazy\" \/><\/a>\n\t\t\t\t<div class=\"actions-wrapper\">\n\t\t\t<div class=\"actions-inner\">\n\t\t\t\t\t\t\t\t<a href=\"?add-to-cart=3888\" data-quantity=\"1\" class=\"button product_type_simple add_to_cart_button ajax_add_to_cart\" data-product_id=\"3888\" data-product_sku=\"1100\" aria-label=\"Ajouter &ldquo;0\u00b0 by Pountet&rdquo; \u00e0 votre panier\" rel=\"nofollow\"><span class=\"text\">Ajouter au panier<\/span><span class=\"icon\"><span class=\"et-icon et-shopping-bag\"><\/span><\/span><\/a>\t\t\t\t<a href=https:\/\/pountet.fr\/index.php\/produit\/0-by-pountet\/ title=\"Quick View\" data-product_id=\"3888\" class=\"et-quickview-btn et-tooltip product_type_simple\"><span class=\"text\">Quick View<\/span><span class=\"icon\"><span class=\"et-icon et-maximize-2\"><\/span><\/span><\/span><\/a>\t\t\t<\/div>\n\t\t<\/div>\n\t<\/figure>\n\t<div class=\"caption\">\n\t\t<div class=\"product-title\">\n\t\t\t<h2><a class=\"product-link\" href=\"https:\/\/pountet.fr\/index.php\/produit\/0-by-pountet\/\" title=\"0\u00b0 by Pountet\">0\u00b0 by Pountet<\/a><\/h2>\n\t\t\t\t\t<\/div>\n\t\t\n\t\t<div class=\"product_after_title\">\n\n\t\t\t<div class=\"product_after_shop_loop_price\">\n\t\t\t\t\t\t\t<\/div>\n\n\t\t\t<div class=\"product-excerpt\">\n\t\t\t\t<p><strong>0\u00b0 by Pountet<\/strong><\/p>\n<p>Un vin blanc sans alcool &#8211; 0\u00b0 by Pountet<\/p>\n<p>Ce sauvignon sans alcool offre une aromatique intense et beaucoup de fra\u00eecheur. Ses notes d&#8217;agrumes et sa finesse seront parfaits pour accompagner vos moments de convivialit\u00e9.<\/p>\n\t\t\t<\/div>\n\n\t\t\t<div class=\"after_shop_loop_actions\">\n\n\t\t\t\t\t\t\t<\/div>\n\n\t\t<\/div>\n\n\t\t\n\t<\/div>\n\n\t<\/div>\n\n<\/li>\t\t\t\t\t\t\t\t\t\t\t\t\t\t\t\t\t\n<li class=\"item et-listing-style2 col-6 col-sm-6 col-md-4 col-lg-4 small_grid_4 hover-image-load product type-product post-3465 status-publish instock product_cat-vin has-post-thumbnail taxable shipping-taxable purchasable product-type-simple\">\n\t<div class=\"product-inner animation bottom-to-top\">\n\t\t<figure class=\"product_thumbnail et-image-hover\">  \n\t\t<a href=\"https:\/\/pountet.fr\/index.php\/produit\/3465\/\" title=\"Prima Luz\"><img width=\"800\" height=\"999\" src=\"https:\/\/pountet.fr\/wp-content\/uploads\/2021\/12\/prima_web-1.jpg\" class=\"main-image skip-lazy wp-post-image\" alt=\"\" loading=\"lazy\" \/><\/a>\n\t\t\t\t<div class=\"actions-wrapper\">\n\t\t\t<div class=\"actions-inner\">\n\t\t\t\t\t\t\t\t<a href=\"?add-to-cart=3465\" data-quantity=\"1\" class=\"button product_type_simple add_to_cart_button ajax_add_to_cart\" data-product_id=\"3465\" data-product_sku=\"\" aria-label=\"Ajouter &ldquo;Prima Luz&rdquo; \u00e0 votre panier\" rel=\"nofollow\"><span class=\"text\">Ajouter au panier<\/span><span class=\"icon\"><span class=\"et-icon et-shopping-bag\"><\/span><\/span><\/a>\t\t\t\t<a href=https:\/\/pountet.fr\/index.php\/produit\/3465\/ title=\"Quick View\" data-product_id=\"3465\" class=\"et-quickview-btn et-tooltip product_type_simple\"><span class=\"text\">Quick View<\/span><span class=\"icon\"><span class=\"et-icon et-maximize-2\"><\/span><\/span><\/span><\/a>\t\t\t<\/div>\n\t\t<\/div>\n\t<\/figure>\n\t<div class=\"caption\">\n\t\t<div class=\"product-title\">\n\t\t\t<h2><a class=\"product-link\" href=\"https:\/\/pountet.fr\/index.php\/produit\/3465\/\" title=\"Prima Luz\">Prima Luz<\/a><\/h2>\n\t\t\t\t\t<\/div>\n\t\t\n\t\t<div class=\"product_after_title\">\n\n\t\t\t<div class=\"product_after_shop_loop_price\">\n\t\t\t\t\t\t\t<\/div>\n\n\t\t\t<div class=\"product-excerpt\">\n\t\t\t\t<p><strong>Prima Luz 2023<br \/>\n<\/strong><\/p>\n<p><em>IGP C\u00f4tes de Gascogne<\/em><\/p>\n<p>Prima Luce est \u00e9labor\u00e9e avec du Gros Manseng, un c\u00e9page typique de la Gascogne. Pour cette cuv\u00e9e, nous vendangeons les baies avant le lever du soleil, \u00e0 la &#8220;Prima Luce&#8221;, pour pr\u00e9server la fra\u00eecheur du raisin.<\/p>\n\t\t\t<\/div>\n\n\t\t\t<div class=\"after_shop_loop_actions\">\n\n\t\t\t\t\t\t\t<\/div>\n\n\t\t<\/div>\n\n\t\t\n\t<\/div>\n\n\t<\/div>\n\n<\/li>\t\t\t\t\t\t\t\t\t\t\t\t\t\t\t\t\t\n<li class=\"item et-listing-style2 col-6 col-sm-6 col-md-4 col-lg-4 small_grid_4 hover-image-load product type-product post-3463 status-publish last instock product_cat-vin has-post-thumbnail taxable shipping-taxable purchasable product-type-simple\">\n\t<div class=\"product-inner animation bottom-to-top\">\n\t\t<figure class=\"product_thumbnail et-image-hover\">  \n\t\t<a href=\"https:\/\/pountet.fr\/index.php\/produit\/parfum-dautomne\/\" title=\"Parfum d&#8217;automne\"><img width=\"800\" height=\"1000\" src=\"https:\/\/pountet.fr\/wp-content\/uploads\/2021\/12\/parfum_automne_web-1.jpg\" class=\"main-image skip-lazy wp-post-image\" alt=\"\" loading=\"lazy\" \/><\/a>\n\t\t\t\t<div class=\"actions-wrapper\">\n\t\t\t<div class=\"actions-inner\">\n\t\t\t\t\t\t\t\t<a href=\"?add-to-cart=3463\" data-quantity=\"1\" class=\"button product_type_simple add_to_cart_button ajax_add_to_cart\" data-product_id=\"3463\" data-product_sku=\"\" aria-label=\"Ajouter &ldquo;Parfum d&#039;automne&rdquo; \u00e0 votre panier\" rel=\"nofollow\"><span class=\"text\">Ajouter au panier<\/span><span class=\"icon\"><span class=\"et-icon et-shopping-bag\"><\/span><\/span><\/a>\t\t\t\t<a href=https:\/\/pountet.fr\/index.php\/produit\/parfum-dautomne\/ title=\"Quick View\" data-product_id=\"3463\" class=\"et-quickview-btn et-tooltip product_type_simple\"><span class=\"text\">Quick View<\/span><span class=\"icon\"><span class=\"et-icon et-maximize-2\"><\/span><\/span><\/span><\/a>\t\t\t<\/div>\n\t\t<\/div>\n\t<\/figure>\n\t<div class=\"caption\">\n\t\t<div class=\"product-title\">\n\t\t\t<h2><a class=\"product-link\" href=\"https:\/\/pountet.fr\/index.php\/produit\/parfum-dautomne\/\" title=\"Parfum d&#8217;automne\">Parfum d&#8217;automne<\/a><\/h2>\n\t\t\t\t\t<\/div>\n\t\t\n\t\t<div class=\"product_after_title\">\n\n\t\t\t<div class=\"product_after_shop_loop_price\">\n\t\t\t\t\t\t\t<\/div>\n\n\t\t\t<div class=\"product-excerpt\">\n\t\t\t\t<p><strong>Parfum d&#8217;automne 2023<br \/>\n<\/strong><\/p>\n<p><em>IGP C\u00f4tes de Gascogne<\/em><\/p>\n<p>La cuv\u00e9e Parfum d&#8217;Automne est un vin surprenant car il marie des c\u00e9pages qui ne sont que tr\u00e8s rarement assembl\u00e9s.<\/p>\n\t\t\t<\/div>\n\n\t\t\t<div class=\"after_shop_loop_actions\">\n\n\t\t\t\t\t\t\t<\/div>\n\n\t\t<\/div>\n\n\t\t\n\t<\/div>\n\n\t<\/div>\n\n<\/li>\t\t\t\t\t\t\t\t\t\t\t\t\t\t\t\t\t\n<li class=\"item et-listing-style2 col-6 col-sm-6 col-md-4 col-lg-4 small_grid_4 hover-image-load product type-product post-3461 status-publish first instock product_cat-vin has-post-thumbnail taxable shipping-taxable purchasable product-type-simple\">\n\t<div class=\"product-inner animation bottom-to-top\">\n\t\t<figure class=\"product_thumbnail et-image-hover\">  \n\t\t<a href=\"https:\/\/pountet.fr\/index.php\/produit\/plaisir-dete\/\" title=\"Plaisir d&#8217;\u00e9t\u00e9\"><img width=\"800\" height=\"1000\" src=\"https:\/\/pountet.fr\/wp-content\/uploads\/2021\/12\/rose_web_catalogue_2.jpg\" class=\"main-image skip-lazy wp-post-image\" alt=\"\" loading=\"lazy\" \/><\/a>\n\t\t\t\t<div class=\"actions-wrapper\">\n\t\t\t<div class=\"actions-inner\">\n\t\t\t\t\t\t\t\t<a href=\"?add-to-cart=3461\" data-quantity=\"1\" class=\"button product_type_simple add_to_cart_button ajax_add_to_cart\" data-product_id=\"3461\" data-product_sku=\"\" aria-label=\"Ajouter &ldquo;Plaisir d&#039;\u00e9t\u00e9&rdquo; \u00e0 votre panier\" rel=\"nofollow\"><span class=\"text\">Ajouter au panier<\/span><span class=\"icon\"><span class=\"et-icon et-shopping-bag\"><\/span><\/span><\/a>\t\t\t\t<a href=https:\/\/pountet.fr\/index.php\/produit\/plaisir-dete\/ title=\"Quick View\" data-product_id=\"3461\" class=\"et-quickview-btn et-tooltip product_type_simple\"><span class=\"text\">Quick View<\/span><span class=\"icon\"><span class=\"et-icon et-maximize-2\"><\/span><\/span><\/span><\/a>\t\t\t<\/div>\n\t\t<\/div>\n\t<\/figure>\n\t<div class=\"caption\">\n\t\t<div class=\"product-title\">\n\t\t\t<h2><a class=\"product-link\" href=\"https:\/\/pountet.fr\/index.php\/produit\/plaisir-dete\/\" title=\"Plaisir d&#8217;\u00e9t\u00e9\">Plaisir d&#8217;\u00e9t\u00e9<\/a><\/h2>\n\t\t\t\t\t<\/div>\n\t\t\n\t\t<div class=\"product_after_title\">\n\n\t\t\t<div class=\"product_after_shop_loop_price\">\n\t\t\t\t\t\t\t<\/div>\n\n\t\t\t<div class=\"product-excerpt\">\n\t\t\t\t<p><strong>Plaisir d&#8217;\u00e9t\u00e9 2023<br \/>\n<\/strong><\/p>\n<p><em>IGP C\u00f4tes de Gascogne<\/em><\/p>\n<p>C\u2019est un ros\u00e9 de press\u00e9e, issu en majorit\u00e9 des c\u00e9pages merlot et Malbec. La bouche est nerveuse et fra\u00eeche, d\u2019une parfaite nettet\u00e9. Plaisir d\u2019Et\u00e9 se boit frais entre 8 et 10\u00b0 et doit \u00eatre d\u00e9gust\u00e9 dans l\u2019ann\u00e9e qui suit le mill\u00e9sime.<\/p>\n\t\t\t<\/div>\n\n\t\t\t<div class=\"after_shop_loop_actions\">\n\n\t\t\t\t\t\t\t<\/div>\n\n\t\t<\/div>\n\n\t\t\n\t<\/div>\n\n\t<\/div>\n\n<\/li>\t\t\t\t\t\t\t\t\t\t\t\t\t\t\t\n\t\t\t\t<\/ul>\n\t\t\t<\/div>\t\t \n\t[vc_empty_space height=&#8221;62px&#8221;]<div id=\"et-banner-slider-69e75af667716\" class=\"et-banner-slider slick slick-slider slick-controls-gray slick-dots-disabled\" data-adaptive-height=\"true\" data-navigation=\"true\" data-infinite=\"true\"  data-columns=\"1\" >\r\n\t\t<div class=\"et-banner-69e75af667744 et-banner content-boxed  height_60 image-type-css text-color-dark hover-effect  \"><div class=\"et-banner-image vh-height\" role=\"img\" aria-label=\"chai_facade\" data-image=\"https:\/\/pountet.fr\/wp-content\/uploads\/2022\/07\/chai_facade.jpg\" style=\"background-image: url(https:\/\/pountet.fr\/wp-content\/uploads\/2022\/07\/chai_facade.jpg);\"><\/div>\r\n\t\t<\/div>\r\n\t\t<div class=\"et-banner-69e75af667b79 et-banner content-boxed  height_60 image-type-css text-color-dark hover-effect  \"><div class=\"et-banner-image vh-height\" role=\"img\" aria-label=\"vignoble\" data-image=\"https:\/\/pountet.fr\/wp-content\/uploads\/2021\/12\/vignoble.jpg\" style=\"background-image: url(https:\/\/pountet.fr\/wp-content\/uploads\/2021\/12\/vignoble.jpg);\"><\/div>\r\n\t\t<\/div>\r\n\t\t<div class=\"et-banner-69e75af667f27 et-banner content-boxed  height_60 image-type-css text-color-dark hover-effect  \"><div class=\"et-banner-image vh-height\" role=\"img\" aria-label=\"pyrenees_2\" data-image=\"https:\/\/pountet.fr\/wp-content\/uploads\/2021\/12\/pyrenees_2.jpg\" style=\"background-image: url(https:\/\/pountet.fr\/wp-content\/uploads\/2021\/12\/pyrenees_2.jpg);\"><\/div>\r\n\t\t<\/div><\/div>[\/vc_column][\/vc_row]\n","protected":false},"excerpt":{"rendered":"<p>[vc_row et_full_width=&#8221;true&#8221; et_column_align=&#8221;align-center&#8221; css=&#8221;.vc_custom_1579117366191{margin-bottom: 60px !important;}&#8221;][vc_column offset=&#8221;vc_col-lg-11&#8243;][\/vc_column][\/vc_row][vc_row et_column_align=&#8221;align-center&#8221; content_placement=&#8221;middle&#8221;][vc_column animation=&#8221;animation bottom-to-top&#8221; css=&#8221;.vc_custom_1638382994709{padding-top: 60px !important;padding-right: 5% !important;padding-bottom: 40px !important;padding-left: 5% !important;background-color: #ffffff !important;}&#8221;][vc_row_inner et_column_align=&#8221;align-center&#8221; content_placement=&#8221;top&#8221;][vc_column_inner offset=&#8221;vc_col-lg-8&#8243;][vc_column_text] Un chai aux allures de b\u00e2tisse romaine avec ses cypr\u00e9s et son all\u00e9e de ch\u00eanes li\u00e8ge faisant face aux Pyr\u00e9n\u00e9es, un vignoble familial plant\u00e9 sur&hellip;<\/p>\n","protected":false},"author":1,"featured_media":0,"parent":0,"menu_order":0,"comment_status":"closed","ping_status":"closed","template":"","meta":[],"_links":{"self":[{"href":"https:\/\/pountet.fr\/index.php\/wp-json\/wp\/v2\/pages\/861"}],"collection":[{"href":"https:\/\/pountet.fr\/index.php\/wp-json\/wp\/v2\/pages"}],"about":[{"href":"https:\/\/pountet.fr\/index.php\/wp-json\/wp\/v2\/types\/page"}],"author":[{"embeddable":true,"href":"https:\/\/pountet.fr\/index.php\/wp-json\/wp\/v2\/users\/1"}],"replies":[{"embeddable":true,"href":"https:\/\/pountet.fr\/index.php\/wp-json\/wp\/v2\/comments?post=861"}],"version-history":[{"count":31,"href":"https:\/\/pountet.fr\/index.php\/wp-json\/wp\/v2\/pages\/861\/revisions"}],"predecessor-version":[{"id":3894,"href":"https:\/\/pountet.fr\/index.php\/wp-json\/wp\/v2\/pages\/861\/revisions\/3894"}],"wp:attachment":[{"href":"https:\/\/pountet.fr\/index.php\/wp-json\/wp\/v2\/media?parent=861"}],"curies":[{"name":"wp","href":"https:\/\/api.w.org\/{rel}","templated":true}]}}