{"id":3459,"date":"2021-12-06T11:25:24","date_gmt":"2021-12-06T10:25:24","guid":{"rendered":"https:\/\/pountet.fr\/?post_type=product&#038;p=3459"},"modified":"2025-02-17T18:37:24","modified_gmt":"2025-02-17T17:37:24","slug":"eclats-de-fruits","status":"publish","type":"product","link":"https:\/\/pountet.fr\/index.php\/produit\/eclats-de-fruits\/","title":{"rendered":"\u00c9clats de fruits"},"content":{"rendered":"<p><strong>\u00c9clats de fruits 2016<br \/>\n<\/strong><\/p>\n<p><em>IGP Comt\u00e9 Tolosan<\/em><\/p>\n<p>Cette cuv\u00e9e est issue des c\u00e9pages Malbec, Merlot et Tannat. Il pr\u00e9sente une robe grenat profond et brillante. C\u2019est un vin charnu et tr\u00e8s fruit\u00e9. L\u2019attaque en bouche est vive, la cerise et la m\u00fbre r\u00e9v\u00e8lent tous leurs ar\u00f4mes. Il est \u00e9lev\u00e9 enti\u00e8rement en cuve afin de conserver intacts les ar\u00f4mes du fruit. Eclats de Fruits peut se boire d\u00e8s maintenant ou pourra attendre quelques ann\u00e9es en cave.<\/p>\n<p><strong>D\u00e9gustation<\/strong><\/p>\n<p>Ce vin \u00e0 la robe grenat est tr\u00e8s aromatique, charnu avec un respect du fruit intact. Une bouche tr\u00e8s enrob\u00e9e pleine de fruit comme la cerise et la m\u00fbre. Le d\u00e9gustateur retrouve de v\u00e9ritables &#8220;Eclats de Fruits&#8221; en bouche<\/p>\n","protected":false},"excerpt":{"rendered":"<p><strong>\u00c9clats de fruits 2016<br \/>\n<\/strong><\/p>\n<p><em>IGP Comte Tolosan<\/em><\/p>\n<p>Cette cuv\u00e9e est issue des c\u00e9pages Malbec, Merlot et Tannat. Il pr\u00e9sente une robe grenat profond et brillante. C\u2019est un vin charnu et tr\u00e8s fruit\u00e9.<\/p>\n","protected":false},"featured_media":3497,"template":"","meta":[],"product_cat":[36],"product_tag":[],"_links":{"self":[{"href":"https:\/\/pountet.fr\/index.php\/wp-json\/wp\/v2\/product\/3459"}],"collection":[{"href":"https:\/\/pountet.fr\/index.php\/wp-json\/wp\/v2\/product"}],"about":[{"href":"https:\/\/pountet.fr\/index.php\/wp-json\/wp\/v2\/types\/product"}],"wp:featuredmedia":[{"embeddable":true,"href":"https:\/\/pountet.fr\/index.php\/wp-json\/wp\/v2\/media\/3497"}],"wp:attachment":[{"href":"https:\/\/pountet.fr\/index.php\/wp-json\/wp\/v2\/media?parent=3459"}],"wp:term":[{"taxonomy":"product_cat","embeddable":true,"href":"https:\/\/pountet.fr\/index.php\/wp-json\/wp\/v2\/product_cat?post=3459"},{"taxonomy":"product_tag","embeddable":true,"href":"https:\/\/pountet.fr\/index.php\/wp-json\/wp\/v2\/product_tag?post=3459"}],"curies":[{"name":"wp","href":"https:\/\/api.w.org\/{rel}","templated":true}]}}