{"id":3461,"date":"2021-12-06T11:27:25","date_gmt":"2021-12-06T10:27:25","guid":{"rendered":"https:\/\/pountet.fr\/?post_type=product&#038;p=3461"},"modified":"2024-11-29T13:11:55","modified_gmt":"2024-11-29T12:11:55","slug":"plaisir-dete","status":"publish","type":"product","link":"https:\/\/pountet.fr\/index.php\/produit\/plaisir-dete\/","title":{"rendered":"Plaisir d&#8217;\u00e9t\u00e9"},"content":{"rendered":"<p><strong>Plaisir d&#8217;\u00e9t\u00e9 2023<br \/>\n<\/strong><\/p>\n<p><em>IGP C\u00f4tes de Gascogne\u00a0<\/em><\/p>\n<p>C\u2019est un ros\u00e9 de press\u00e9e, issu en majorit\u00e9 des c\u00e9pages merlot et Malbec. Le vin pr\u00e9sente une jolie robe rose soutenue. Le nez d\u00e9livre d\u2019agr\u00e9ables parfums de cerise et de bonbon anglais. La bouche est nerveuse et fra\u00eeche, d\u2019une parfaite nettet\u00e9. Plaisir d\u2019Et\u00e9 se boit frais entre 8 et 10\u00b0 et doit \u00eatre d\u00e9gust\u00e9 dans l\u2019ann\u00e9e qui suit le mill\u00e9sime.<\/p>\n<p><strong>D\u00e9gustation<\/strong><\/p>\n<p>Robe ros\u00e9 soutenu. Vin tr\u00e8s aromatique au nez &#8220;bonbon anglais et cerise&#8221;. Rafraichissant en bouche. C&#8217;est un vrai &#8220;Plaisir d&#8217;Et\u00e9&#8221;.<\/p>\n","protected":false},"excerpt":{"rendered":"<p><strong>Plaisir d&#8217;\u00e9t\u00e9 2023<br \/>\n<\/strong><\/p>\n<p><em>IGP C\u00f4tes de Gascogne<\/em><\/p>\n<p>C\u2019est un ros\u00e9 de press\u00e9e, issu en majorit\u00e9 des c\u00e9pages merlot et Malbec. La bouche est nerveuse et fra\u00eeche, d\u2019une parfaite nettet\u00e9. Plaisir d\u2019Et\u00e9 se boit frais entre 8 et 10\u00b0 et doit \u00eatre d\u00e9gust\u00e9 dans l\u2019ann\u00e9e qui suit le mill\u00e9sime.<\/p>\n","protected":false},"featured_media":3493,"template":"","meta":[],"product_cat":[36],"product_tag":[],"_links":{"self":[{"href":"https:\/\/pountet.fr\/index.php\/wp-json\/wp\/v2\/product\/3461"}],"collection":[{"href":"https:\/\/pountet.fr\/index.php\/wp-json\/wp\/v2\/product"}],"about":[{"href":"https:\/\/pountet.fr\/index.php\/wp-json\/wp\/v2\/types\/product"}],"wp:featuredmedia":[{"embeddable":true,"href":"https:\/\/pountet.fr\/index.php\/wp-json\/wp\/v2\/media\/3493"}],"wp:attachment":[{"href":"https:\/\/pountet.fr\/index.php\/wp-json\/wp\/v2\/media?parent=3461"}],"wp:term":[{"taxonomy":"product_cat","embeddable":true,"href":"https:\/\/pountet.fr\/index.php\/wp-json\/wp\/v2\/product_cat?post=3461"},{"taxonomy":"product_tag","embeddable":true,"href":"https:\/\/pountet.fr\/index.php\/wp-json\/wp\/v2\/product_tag?post=3461"}],"curies":[{"name":"wp","href":"https:\/\/api.w.org\/{rel}","templated":true}]}}