{"id":3463,"date":"2021-12-06T11:34:19","date_gmt":"2021-12-06T10:34:19","guid":{"rendered":"https:\/\/pountet.fr\/?post_type=product&#038;p=3463"},"modified":"2024-09-04T14:47:15","modified_gmt":"2024-09-04T12:47:15","slug":"parfum-dautomne","status":"publish","type":"product","link":"https:\/\/pountet.fr\/index.php\/produit\/parfum-dautomne\/","title":{"rendered":"Parfum d&#8217;automne"},"content":{"rendered":"<p><strong>Parfum d&#8217;automne 2023<br \/>\n<\/strong><\/p>\n<p><em>IGP C\u00f4tes de Gascogne\u00a0<\/em><\/p>\n<p>La cuv\u00e9e Parfum d&#8217;Automne est un vin surprenant car il marie des c\u00e9pages qui ne sont que tr\u00e8s rarement assembl\u00e9s. C&#8217;est ce qui fait sa typicit\u00e9 et sa raret\u00e9. Ce vin pr\u00e9sente un joli nez de fruits exotiques, d&#8217;agrumes, avec des notes florales. La finale est longue et magnifique, sur les fruits jaunes, la p\u00eache et le coing. La mati\u00e8re en bouche est fine et le vin est parfaitement \u00e9quilibr\u00e9 par son acidit\u00e9 qui lui procure une bonne l\u00e9g\u00e8ret\u00e9. Il n\u2019y a aucune lourdeur. C\u2019est un vin puissant, facile \u00e0 marier, aussi \u00e0 l&#8217;aise avec un poulet r\u00f4ti qu&#8217;un dessert aux fruits exotiques ou un fromage de brebis. Il accompagnera tr\u00e8s bien un magret de canard marin\u00e9 au miel et au jus de pomme avec un soup\u00e7on de vinaigre balsamique.<\/p>\n","protected":false},"excerpt":{"rendered":"<p><strong>Parfum d&#8217;automne 2023<br \/>\n<\/strong><\/p>\n<p><em>IGP C\u00f4tes de Gascogne<\/em><\/p>\n<p>La cuv\u00e9e Parfum d&#8217;Automne est un vin surprenant car il marie des c\u00e9pages qui ne sont que tr\u00e8s rarement assembl\u00e9s.<\/p>\n","protected":false},"featured_media":3492,"template":"","meta":[],"product_cat":[36],"product_tag":[],"_links":{"self":[{"href":"https:\/\/pountet.fr\/index.php\/wp-json\/wp\/v2\/product\/3463"}],"collection":[{"href":"https:\/\/pountet.fr\/index.php\/wp-json\/wp\/v2\/product"}],"about":[{"href":"https:\/\/pountet.fr\/index.php\/wp-json\/wp\/v2\/types\/product"}],"wp:featuredmedia":[{"embeddable":true,"href":"https:\/\/pountet.fr\/index.php\/wp-json\/wp\/v2\/media\/3492"}],"wp:attachment":[{"href":"https:\/\/pountet.fr\/index.php\/wp-json\/wp\/v2\/media?parent=3463"}],"wp:term":[{"taxonomy":"product_cat","embeddable":true,"href":"https:\/\/pountet.fr\/index.php\/wp-json\/wp\/v2\/product_cat?post=3463"},{"taxonomy":"product_tag","embeddable":true,"href":"https:\/\/pountet.fr\/index.php\/wp-json\/wp\/v2\/product_tag?post=3463"}],"curies":[{"name":"wp","href":"https:\/\/api.w.org\/{rel}","templated":true}]}}