{"id":3465,"date":"2021-12-06T11:35:33","date_gmt":"2021-12-06T10:35:33","guid":{"rendered":"https:\/\/pountet.fr\/?post_type=product&#038;p=3465"},"modified":"2024-09-04T14:46:08","modified_gmt":"2024-09-04T12:46:08","slug":"3465","status":"publish","type":"product","link":"https:\/\/pountet.fr\/index.php\/produit\/3465\/","title":{"rendered":"Prima Luz"},"content":{"rendered":"<p><strong>Prima Luz 2023<br \/>\n<\/strong><\/p>\n<p><em>IGP C\u00f4tes de Gascogne<\/em><\/p>\n<p>Prima Luce est \u00e9labor\u00e9e avec du Gros Manseng, un c\u00e9page typique de la Gascogne. Pour cette cuv\u00e9e, nous vendangeons les baies avant le lever du soleil, \u00e0 la &#8220;Prima Luce&#8221;, pour pr\u00e9server la fra\u00eecheur du raisin.<\/p>\n<p><strong>D\u00e9gustation<\/strong><\/p>\n<p>Joli nez de fleurs blanches et d&#8217;\u00e9pices. En bouche, c&#8217;est le pamplemousse et les saveurs citronn\u00e9es acidul\u00e9es qui m\u00e8nent la danse. La mati\u00e8re est fine et le vin est parfaitement \u00e9quilibr\u00e9 par son acidit\u00e9 et sa vivacit\u00e9. C\u2019est un vin l\u00e9ger, gourmand, facile \u00e0 marier, \u00e0 d\u00e9guster sur des fruits de mer et des poissons ou sur un fromage de ch\u00e8vre ou un Saint F\u00e9licien cr\u00e9meux.<\/p>\n","protected":false},"excerpt":{"rendered":"<p><strong>Prima Luz 2023<br \/>\n<\/strong><\/p>\n<p><em>IGP C\u00f4tes de Gascogne<\/em><\/p>\n<p>Prima Luce est \u00e9labor\u00e9e avec du Gros Manseng, un c\u00e9page typique de la Gascogne. Pour cette cuv\u00e9e, nous vendangeons les baies avant le lever du soleil, \u00e0 la &#8220;Prima Luce&#8221;, pour pr\u00e9server la fra\u00eecheur du raisin.<\/p>\n","protected":false},"featured_media":3490,"template":"","meta":[],"product_cat":[36],"product_tag":[],"_links":{"self":[{"href":"https:\/\/pountet.fr\/index.php\/wp-json\/wp\/v2\/product\/3465"}],"collection":[{"href":"https:\/\/pountet.fr\/index.php\/wp-json\/wp\/v2\/product"}],"about":[{"href":"https:\/\/pountet.fr\/index.php\/wp-json\/wp\/v2\/types\/product"}],"wp:featuredmedia":[{"embeddable":true,"href":"https:\/\/pountet.fr\/index.php\/wp-json\/wp\/v2\/media\/3490"}],"wp:attachment":[{"href":"https:\/\/pountet.fr\/index.php\/wp-json\/wp\/v2\/media?parent=3465"}],"wp:term":[{"taxonomy":"product_cat","embeddable":true,"href":"https:\/\/pountet.fr\/index.php\/wp-json\/wp\/v2\/product_cat?post=3465"},{"taxonomy":"product_tag","embeddable":true,"href":"https:\/\/pountet.fr\/index.php\/wp-json\/wp\/v2\/product_tag?post=3465"}],"curies":[{"name":"wp","href":"https:\/\/api.w.org\/{rel}","templated":true}]}}