{"id":3472,"date":"2021-12-06T11:45:41","date_gmt":"2021-12-06T10:45:41","guid":{"rendered":"https:\/\/pountet.fr\/?post_type=product&#038;p=3472"},"modified":"2025-02-17T18:21:16","modified_gmt":"2025-02-17T17:21:16","slug":"floc","status":"publish","type":"product","link":"https:\/\/pountet.fr\/index.php\/produit\/floc\/","title":{"rendered":"Floc de Gascogne"},"content":{"rendered":"<p><strong>Floc<\/strong><\/p>\n<p>Le Floc de Gascogne est un ap\u00e9ritif traditionnel gascon, un vin mut\u00e9 \u00e0 l&#8217;Armagnac.<br \/>\nNotre Floc Ch\u00e2teau Beauvallon s\u00e9duit par ses notes chaudes d&#8217;Armagnac et d&#8217;amande.<\/p>\n<p><strong>D\u00e9gustation<\/strong><\/p>\n<p>Le nez est puissant, aux notes de p\u00eache et de miel. En bouche c&#8217;est l&#8217;amande et le noyau d&#8217;abricot qui surprennent.<br \/>\nLa sucrosit\u00e9 est l\u00e9g\u00e8re, l&#8217;accent est mis sur les beaux ar\u00f4mes de l&#8217;Armagnac. C&#8217;est un vin puissant, id\u00e9al seul \u00e0 l&#8217;ap\u00e9ritif ou avec un fromage bleu des Causses, mais aussi en entr\u00e9e sur un melon.<\/p>\n<p><strong>Contenance : 75 cl.<\/strong><\/p>\n<p><strong>17% alc.\/vol.<\/strong><\/p>\n","protected":false},"excerpt":{"rendered":"<p><strong>Floc<\/strong><\/p>\n<p>Le Floc de Gascogne est un ap\u00e9ritif traditionnel gascon, un vin mut\u00e9 \u00e0 l&#8217;Armagnac.<br \/>\nNotre Floc Ch\u00e2teau Beauvallon s\u00e9duit par ses notes chaudes d&#8217;Armagnac et d&#8217;amande.<\/p>\n<p><strong>Contenance : 75 cl.<\/strong><\/p>\n<p><strong>17% alc.\/vol.<\/strong><\/p>\n<p>&nbsp;<\/p>\n<p><strong>\u00a0<\/strong><\/p>\n","protected":false},"featured_media":3487,"template":"","meta":[],"product_cat":[37],"product_tag":[],"_links":{"self":[{"href":"https:\/\/pountet.fr\/index.php\/wp-json\/wp\/v2\/product\/3472"}],"collection":[{"href":"https:\/\/pountet.fr\/index.php\/wp-json\/wp\/v2\/product"}],"about":[{"href":"https:\/\/pountet.fr\/index.php\/wp-json\/wp\/v2\/types\/product"}],"wp:featuredmedia":[{"embeddable":true,"href":"https:\/\/pountet.fr\/index.php\/wp-json\/wp\/v2\/media\/3487"}],"wp:attachment":[{"href":"https:\/\/pountet.fr\/index.php\/wp-json\/wp\/v2\/media?parent=3472"}],"wp:term":[{"taxonomy":"product_cat","embeddable":true,"href":"https:\/\/pountet.fr\/index.php\/wp-json\/wp\/v2\/product_cat?post=3472"},{"taxonomy":"product_tag","embeddable":true,"href":"https:\/\/pountet.fr\/index.php\/wp-json\/wp\/v2\/product_tag?post=3472"}],"curies":[{"name":"wp","href":"https:\/\/api.w.org\/{rel}","templated":true}]}}